{"id":37,"date":"2024-06-18T17:30:57","date_gmt":"2024-06-18T15:30:57","guid":{"rendered":"http:\/\/uneveij.cluster023.hosting.ovh.net\/?page_id=37"},"modified":"2025-01-28T16:21:46","modified_gmt":"2025-01-28T15:21:46","slug":"contact","status":"publish","type":"page","link":"https:\/\/un-eveil-en-soi.com\/index.php\/contact\/","title":{"rendered":"Contact"},"content":{"rendered":"\n<p class=\"has-text-align-center\"><strong><mark style=\"background-color:rgba(0, 0, 0, 0)\" class=\"has-inline-color has-white-color\">Un \u00e9veil en soi<\/mark><\/strong><\/p>\n\n\n<div class=\"wp-block-image\">\n<figure class=\"aligncenter size-full is-resized\"><img loading=\"lazy\" decoding=\"async\" width=\"2560\" height=\"2286\" src=\"http:\/\/uneveij.cluster023.hosting.ovh.net\/wp-content\/uploads\/2024\/07\/Portrait-2-scaled.jpg\" alt=\"\" class=\"wp-image-407\" style=\"width:190px;height:auto\" srcset=\"https:\/\/un-eveil-en-soi.com\/wp-content\/uploads\/2024\/07\/Portrait-2-scaled.jpg 2560w, https:\/\/un-eveil-en-soi.com\/wp-content\/uploads\/2024\/07\/Portrait-2-300x268.jpg 300w, https:\/\/un-eveil-en-soi.com\/wp-content\/uploads\/2024\/07\/Portrait-2-1024x914.jpg 1024w, https:\/\/un-eveil-en-soi.com\/wp-content\/uploads\/2024\/07\/Portrait-2-768x686.jpg 768w, https:\/\/un-eveil-en-soi.com\/wp-content\/uploads\/2024\/07\/Portrait-2-1536x1372.jpg 1536w, https:\/\/un-eveil-en-soi.com\/wp-content\/uploads\/2024\/07\/Portrait-2-2048x1829.jpg 2048w\" sizes=\"auto, (max-width: 2560px) 100vw, 2560px\" \/><\/figure>\n<\/div>\n\n\n<p class=\"has-text-align-center\"><strong><mark style=\"background-color:rgba(0, 0, 0, 0)\" class=\"has-inline-color has-white-color\">Un \u00e9veil en soi<\/mark><\/strong><\/p>\n\n\n\n<p class=\"has-text-align-center has-header-gradient-color has-text-color has-link-color has-medium-font-size wp-elements-caad154755f4faf75686564ddfbf693d\"><strong>PRISE DE RENDEZ-VOUS<\/strong><\/p>\n\n\n\n<div class=\"wp-block-columns alignfull is-layout-flex wp-container-core-columns-is-layout-28f84493 wp-block-columns-is-layout-flex\">\n<div class=\"wp-block-column is-vertically-aligned-center is-layout-flow wp-block-column-is-layout-flow\">\n<p class=\"has-text-align-center has-header-gradient-color has-text-color has-link-color has-medium-font-size wp-elements-31b3b13bdb42b8b253f59b2faeb3b924\"><mark style=\"background-color:rgba(0, 0, 0, 0)\" class=\"has-inline-color has-header-gradient-color\"><strong>Sabine Lelong<\/strong> &#8211;<strong> Duclos<\/strong><br><strong>06 11 77 97 69<\/strong><br>14 ter rue Beauvettes<br>95370 Montigny-l\u00e8s-Cormeilles<br><strong><a href=\"mailto:un.eveil.en.soi@gmail.com\">un.eveil.en.soi@gmail.com<\/a><\/strong><\/mark><\/p>\n\n\n\n<p class=\"has-text-align-center has-header-gradient-color has-text-color has-link-color wp-elements-04e70b852ffd0865e026e38e57420830\"><br><\/p>\n<\/div>\n<\/div>\n","protected":false},"excerpt":{"rendered":"<p>Un \u00e9veil en soi Un \u00e9veil en soi PRISE DE RENDEZ-VOUS Sabine Lelong &#8211; Duclos06 11 77 97 6914 ter rue Beauvettes95370 Montigny-l\u00e8s-Cormeillesun.eveil.en.soi@gmail.com<\/p>\n","protected":false},"author":1,"featured_media":29,"parent":0,"menu_order":0,"comment_status":"closed","ping_status":"closed","template":"page-templates\/template-pagebuilder-full-width.php","meta":{"footnotes":""},"class_list":["post-37","page","type-page","status-publish","has-post-thumbnail","hentry"],"yoast_head":"<!-- This site is optimized with the Yoast SEO plugin v27.0 - https:\/\/yoast.com\/product\/yoast-seo-wordpress\/ -->\n<title>Contact - Un \u00e9veil en soi<\/title>\n<meta name=\"robots\" content=\"index, follow, max-snippet:-1, max-image-preview:large, max-video-preview:-1\" \/>\n<link rel=\"canonical\" href=\"https:\/\/un-eveil-en-soi.com\/index.php\/contact\/\" \/>\n<meta property=\"og:locale\" content=\"en_US\" \/>\n<meta property=\"og:type\" content=\"article\" \/>\n<meta property=\"og:title\" content=\"Contact - Un \u00e9veil en soi\" \/>\n<meta property=\"og:description\" content=\"Un \u00e9veil en soi Un \u00e9veil en soi PRISE DE RENDEZ-VOUS Sabine Lelong &#8211; Duclos06 11 77 97 6914 ter rue Beauvettes95370 Montigny-l\u00e8s-Cormeillesun.eveil.en.soi@gmail.com\" \/>\n<meta property=\"og:url\" content=\"https:\/\/un-eveil-en-soi.com\/index.php\/contact\/\" \/>\n<meta property=\"og:site_name\" content=\"Un \u00e9veil en soi\" \/>\n<meta property=\"article:modified_time\" content=\"2025-01-28T15:21:46+00:00\" \/>\n<meta property=\"og:image\" content=\"https:\/\/un-eveil-en-soi.com\/wp-content\/uploads\/2024\/06\/contact-1.jpg\" \/>\n\t<meta property=\"og:image:width\" content=\"1024\" \/>\n\t<meta property=\"og:image:height\" content=\"683\" \/>\n\t<meta property=\"og:image:type\" content=\"image\/jpeg\" \/>\n<meta name=\"twitter:card\" content=\"summary_large_image\" \/>\n<meta name=\"twitter:label1\" content=\"Est. reading time\" \/>\n\t<meta name=\"twitter:data1\" content=\"1 minute\" \/>\n<script type=\"application\/ld+json\" class=\"yoast-schema-graph\">{\"@context\":\"https:\/\/schema.org\",\"@graph\":[{\"@type\":\"WebPage\",\"@id\":\"https:\/\/un-eveil-en-soi.com\/index.php\/contact\/\",\"url\":\"https:\/\/un-eveil-en-soi.com\/index.php\/contact\/\",\"name\":\"Contact - Un \u00e9veil en soi\",\"isPartOf\":{\"@id\":\"https:\/\/un-eveil-en-soi.com\/#website\"},\"primaryImageOfPage\":{\"@id\":\"https:\/\/un-eveil-en-soi.com\/index.php\/contact\/#primaryimage\"},\"image\":{\"@id\":\"https:\/\/un-eveil-en-soi.com\/index.php\/contact\/#primaryimage\"},\"thumbnailUrl\":\"https:\/\/un-eveil-en-soi.com\/wp-content\/uploads\/2024\/06\/contact-1.jpg\",\"datePublished\":\"2024-06-18T15:30:57+00:00\",\"dateModified\":\"2025-01-28T15:21:46+00:00\",\"breadcrumb\":{\"@id\":\"https:\/\/un-eveil-en-soi.com\/index.php\/contact\/#breadcrumb\"},\"inLanguage\":\"en-US\",\"potentialAction\":[{\"@type\":\"ReadAction\",\"target\":[\"https:\/\/un-eveil-en-soi.com\/index.php\/contact\/\"]}]},{\"@type\":\"ImageObject\",\"inLanguage\":\"en-US\",\"@id\":\"https:\/\/un-eveil-en-soi.com\/index.php\/contact\/#primaryimage\",\"url\":\"https:\/\/un-eveil-en-soi.com\/wp-content\/uploads\/2024\/06\/contact-1.jpg\",\"contentUrl\":\"https:\/\/un-eveil-en-soi.com\/wp-content\/uploads\/2024\/06\/contact-1.jpg\",\"width\":1024,\"height\":683},{\"@type\":\"BreadcrumbList\",\"@id\":\"https:\/\/un-eveil-en-soi.com\/index.php\/contact\/#breadcrumb\",\"itemListElement\":[{\"@type\":\"ListItem\",\"position\":1,\"name\":\"Accueil\",\"item\":\"https:\/\/un-eveil-en-soi.com\/\"},{\"@type\":\"ListItem\",\"position\":2,\"name\":\"Contact\"}]},{\"@type\":\"WebSite\",\"@id\":\"https:\/\/un-eveil-en-soi.com\/#website\",\"url\":\"https:\/\/un-eveil-en-soi.com\/\",\"name\":\"Un \u00e9veil en soi - Sabine Lelong - Duclos\",\"description\":\"Dans l&#039;\u00e9coute et la bienveillance\",\"publisher\":{\"@id\":\"https:\/\/un-eveil-en-soi.com\/#organization\"},\"potentialAction\":[{\"@type\":\"SearchAction\",\"target\":{\"@type\":\"EntryPoint\",\"urlTemplate\":\"https:\/\/un-eveil-en-soi.com\/?s={search_term_string}\"},\"query-input\":{\"@type\":\"PropertyValueSpecification\",\"valueRequired\":true,\"valueName\":\"search_term_string\"}}],\"inLanguage\":\"en-US\"},{\"@type\":\"Organization\",\"@id\":\"https:\/\/un-eveil-en-soi.com\/#organization\",\"name\":\"Un \u00e9veil en soi\",\"url\":\"https:\/\/un-eveil-en-soi.com\/\",\"logo\":{\"@type\":\"ImageObject\",\"inLanguage\":\"en-US\",\"@id\":\"https:\/\/un-eveil-en-soi.com\/#\/schema\/logo\/image\/\",\"url\":\"https:\/\/un-eveil-en-soi.com\/wp-content\/uploads\/2024\/06\/Logo-SL.png\",\"contentUrl\":\"https:\/\/un-eveil-en-soi.com\/wp-content\/uploads\/2024\/06\/Logo-SL.png\",\"width\":394,\"height\":250,\"caption\":\"Un \u00e9veil en soi\"},\"image\":{\"@id\":\"https:\/\/un-eveil-en-soi.com\/#\/schema\/logo\/image\/\"}}]}<\/script>\n<!-- \/ Yoast SEO plugin. -->","yoast_head_json":{"title":"Contact - Un \u00e9veil en soi","robots":{"index":"index","follow":"follow","max-snippet":"max-snippet:-1","max-image-preview":"max-image-preview:large","max-video-preview":"max-video-preview:-1"},"canonical":"https:\/\/un-eveil-en-soi.com\/index.php\/contact\/","og_locale":"en_US","og_type":"article","og_title":"Contact - Un \u00e9veil en soi","og_description":"Un \u00e9veil en soi Un \u00e9veil en soi PRISE DE RENDEZ-VOUS Sabine Lelong &#8211; Duclos06 11 77 97 6914 ter rue Beauvettes95370 Montigny-l\u00e8s-Cormeillesun.eveil.en.soi@gmail.com","og_url":"https:\/\/un-eveil-en-soi.com\/index.php\/contact\/","og_site_name":"Un \u00e9veil en soi","article_modified_time":"2025-01-28T15:21:46+00:00","og_image":[{"width":1024,"height":683,"url":"https:\/\/un-eveil-en-soi.com\/wp-content\/uploads\/2024\/06\/contact-1.jpg","type":"image\/jpeg"}],"twitter_card":"summary_large_image","twitter_misc":{"Est. reading time":"1 minute"},"schema":{"@context":"https:\/\/schema.org","@graph":[{"@type":"WebPage","@id":"https:\/\/un-eveil-en-soi.com\/index.php\/contact\/","url":"https:\/\/un-eveil-en-soi.com\/index.php\/contact\/","name":"Contact - Un \u00e9veil en soi","isPartOf":{"@id":"https:\/\/un-eveil-en-soi.com\/#website"},"primaryImageOfPage":{"@id":"https:\/\/un-eveil-en-soi.com\/index.php\/contact\/#primaryimage"},"image":{"@id":"https:\/\/un-eveil-en-soi.com\/index.php\/contact\/#primaryimage"},"thumbnailUrl":"https:\/\/un-eveil-en-soi.com\/wp-content\/uploads\/2024\/06\/contact-1.jpg","datePublished":"2024-06-18T15:30:57+00:00","dateModified":"2025-01-28T15:21:46+00:00","breadcrumb":{"@id":"https:\/\/un-eveil-en-soi.com\/index.php\/contact\/#breadcrumb"},"inLanguage":"en-US","potentialAction":[{"@type":"ReadAction","target":["https:\/\/un-eveil-en-soi.com\/index.php\/contact\/"]}]},{"@type":"ImageObject","inLanguage":"en-US","@id":"https:\/\/un-eveil-en-soi.com\/index.php\/contact\/#primaryimage","url":"https:\/\/un-eveil-en-soi.com\/wp-content\/uploads\/2024\/06\/contact-1.jpg","contentUrl":"https:\/\/un-eveil-en-soi.com\/wp-content\/uploads\/2024\/06\/contact-1.jpg","width":1024,"height":683},{"@type":"BreadcrumbList","@id":"https:\/\/un-eveil-en-soi.com\/index.php\/contact\/#breadcrumb","itemListElement":[{"@type":"ListItem","position":1,"name":"Accueil","item":"https:\/\/un-eveil-en-soi.com\/"},{"@type":"ListItem","position":2,"name":"Contact"}]},{"@type":"WebSite","@id":"https:\/\/un-eveil-en-soi.com\/#website","url":"https:\/\/un-eveil-en-soi.com\/","name":"Un \u00e9veil en soi - Sabine Lelong - Duclos","description":"Dans l&#039;\u00e9coute et la bienveillance","publisher":{"@id":"https:\/\/un-eveil-en-soi.com\/#organization"},"potentialAction":[{"@type":"SearchAction","target":{"@type":"EntryPoint","urlTemplate":"https:\/\/un-eveil-en-soi.com\/?s={search_term_string}"},"query-input":{"@type":"PropertyValueSpecification","valueRequired":true,"valueName":"search_term_string"}}],"inLanguage":"en-US"},{"@type":"Organization","@id":"https:\/\/un-eveil-en-soi.com\/#organization","name":"Un \u00e9veil en soi","url":"https:\/\/un-eveil-en-soi.com\/","logo":{"@type":"ImageObject","inLanguage":"en-US","@id":"https:\/\/un-eveil-en-soi.com\/#\/schema\/logo\/image\/","url":"https:\/\/un-eveil-en-soi.com\/wp-content\/uploads\/2024\/06\/Logo-SL.png","contentUrl":"https:\/\/un-eveil-en-soi.com\/wp-content\/uploads\/2024\/06\/Logo-SL.png","width":394,"height":250,"caption":"Un \u00e9veil en soi"},"image":{"@id":"https:\/\/un-eveil-en-soi.com\/#\/schema\/logo\/image\/"}}]}},"_links":{"self":[{"href":"https:\/\/un-eveil-en-soi.com\/index.php\/wp-json\/wp\/v2\/pages\/37","targetHints":{"allow":["GET"]}}],"collection":[{"href":"https:\/\/un-eveil-en-soi.com\/index.php\/wp-json\/wp\/v2\/pages"}],"about":[{"href":"https:\/\/un-eveil-en-soi.com\/index.php\/wp-json\/wp\/v2\/types\/page"}],"author":[{"embeddable":true,"href":"https:\/\/un-eveil-en-soi.com\/index.php\/wp-json\/wp\/v2\/users\/1"}],"replies":[{"embeddable":true,"href":"https:\/\/un-eveil-en-soi.com\/index.php\/wp-json\/wp\/v2\/comments?post=37"}],"version-history":[{"count":28,"href":"https:\/\/un-eveil-en-soi.com\/index.php\/wp-json\/wp\/v2\/pages\/37\/revisions"}],"predecessor-version":[{"id":777,"href":"https:\/\/un-eveil-en-soi.com\/index.php\/wp-json\/wp\/v2\/pages\/37\/revisions\/777"}],"wp:featuredmedia":[{"embeddable":true,"href":"https:\/\/un-eveil-en-soi.com\/index.php\/wp-json\/wp\/v2\/media\/29"}],"wp:attachment":[{"href":"https:\/\/un-eveil-en-soi.com\/index.php\/wp-json\/wp\/v2\/media?parent=37"}],"curies":[{"name":"wp","href":"https:\/\/api.w.org\/{rel}","templated":true}]}}