{"id":390,"date":"2024-07-09T18:06:06","date_gmt":"2024-07-09T16:06:06","guid":{"rendered":"http:\/\/uneveij.cluster023.hosting.ovh.net\/?page_id=390"},"modified":"2024-11-25T15:39:37","modified_gmt":"2024-11-25T14:39:37","slug":"ateliers","status":"publish","type":"page","link":"https:\/\/un-eveil-en-soi.com\/index.php\/ateliers\/","title":{"rendered":"Ateliers"},"content":{"rendered":"\n<h2 class=\"wp-block-heading has-accent-color has-text-color has-link-color wp-elements-de33f5f1c07cc99b5d3fed87220aafdf\"><em><strong>Sophrologie<\/strong><\/em><\/h2>\n\n\n\n<ul class=\"wp-block-list\">\n<li class=\"has-header-gradient-color has-text-color has-link-color wp-elements-8a910749d7076c0f1dd19fa6e5951b00\">Cours de groupe le jeudi de <strong>18h \u00e0 19h<\/strong><\/li>\n<\/ul>\n\n\n\n<p class=\"has-header-gradient-color has-text-color has-link-color wp-elements-0c69bf3d2b79ae2c0525bba711b59161\">Les cours se font en petits groupes de 6 personnes maximum et sur r\u00e9servation<\/p>\n\n\n\n<p class=\"has-header-gradient-color has-text-color has-link-color wp-elements-fad3b15d679cf52a78e57eaaeff4bf52\">Si vous \u00eates int\u00e9ress\u00e9 par d&#8217;autres horaires, n&#8217;h\u00e9sitez pas \u00e0 me contacter<\/p>\n\n\n\n<h2 class=\"wp-block-heading has-accent-color has-text-color has-link-color wp-elements-3d68e4543ea14dab23acdf789fdd9726\"><em><strong>Chamanisme<\/strong><\/em><\/h2>\n\n\n\n<ul class=\"wp-block-list\">\n<li class=\"has-header-gradient-color has-text-color has-link-color wp-elements-a220889ba5e03e4f59f42a0ab73f0716\"><strong>Initiation au chamanisme<\/strong> : <em>me consulter<\/em><\/li>\n<\/ul>\n\n\n\n<ul class=\"wp-block-list\">\n<li class=\"has-header-gradient-color has-text-color has-link-color wp-elements-f8bccc0504327d300f3f59c48d92c9de\"><strong>Niveau 1 &amp; 2<\/strong> : <em>me consulter<\/em><\/li>\n<\/ul>\n\n\n\n<p><\/p>\n\n\n\n<p><\/p>\n\n\n\n<p><\/p>\n\n\n\n<p><\/p>\n","protected":false},"excerpt":{"rendered":"<p>Sophrologie Les cours se font en petits groupes de 6 personnes maximum et sur r\u00e9servation Si vous \u00eates int\u00e9ress\u00e9 par d&#8217;autres horaires, n&#8217;h\u00e9sitez pas \u00e0 me contacter Chamanisme<\/p>\n","protected":false},"author":1,"featured_media":0,"parent":0,"menu_order":0,"comment_status":"closed","ping_status":"closed","template":"","meta":{"footnotes":""},"class_list":["post-390","page","type-page","status-publish","hentry"],"yoast_head":"<!-- This site is optimized with the Yoast SEO plugin v27.0 - https:\/\/yoast.com\/product\/yoast-seo-wordpress\/ -->\n<title>Ateliers - Un \u00e9veil en soi<\/title>\n<meta name=\"robots\" content=\"index, follow, max-snippet:-1, max-image-preview:large, max-video-preview:-1\" \/>\n<link rel=\"canonical\" href=\"https:\/\/un-eveil-en-soi.com\/index.php\/ateliers\/\" \/>\n<meta property=\"og:locale\" content=\"en_US\" \/>\n<meta property=\"og:type\" content=\"article\" \/>\n<meta property=\"og:title\" content=\"Ateliers - Un \u00e9veil en soi\" \/>\n<meta property=\"og:description\" content=\"Sophrologie Les cours se font en petits groupes de 6 personnes maximum et sur r\u00e9servation Si vous \u00eates int\u00e9ress\u00e9 par d&#8217;autres horaires, n&#8217;h\u00e9sitez pas \u00e0 me contacter Chamanisme\" \/>\n<meta property=\"og:url\" content=\"https:\/\/un-eveil-en-soi.com\/index.php\/ateliers\/\" \/>\n<meta property=\"og:site_name\" content=\"Un \u00e9veil en soi\" \/>\n<meta property=\"article:modified_time\" content=\"2024-11-25T14:39:37+00:00\" \/>\n<meta name=\"twitter:card\" content=\"summary_large_image\" \/>\n<script type=\"application\/ld+json\" class=\"yoast-schema-graph\">{\"@context\":\"https:\/\/schema.org\",\"@graph\":[{\"@type\":\"WebPage\",\"@id\":\"https:\/\/un-eveil-en-soi.com\/index.php\/ateliers\/\",\"url\":\"https:\/\/un-eveil-en-soi.com\/index.php\/ateliers\/\",\"name\":\"Ateliers - Un \u00e9veil en soi\",\"isPartOf\":{\"@id\":\"https:\/\/un-eveil-en-soi.com\/#website\"},\"datePublished\":\"2024-07-09T16:06:06+00:00\",\"dateModified\":\"2024-11-25T14:39:37+00:00\",\"breadcrumb\":{\"@id\":\"https:\/\/un-eveil-en-soi.com\/index.php\/ateliers\/#breadcrumb\"},\"inLanguage\":\"en-US\",\"potentialAction\":[{\"@type\":\"ReadAction\",\"target\":[\"https:\/\/un-eveil-en-soi.com\/index.php\/ateliers\/\"]}]},{\"@type\":\"BreadcrumbList\",\"@id\":\"https:\/\/un-eveil-en-soi.com\/index.php\/ateliers\/#breadcrumb\",\"itemListElement\":[{\"@type\":\"ListItem\",\"position\":1,\"name\":\"Accueil\",\"item\":\"https:\/\/un-eveil-en-soi.com\/\"},{\"@type\":\"ListItem\",\"position\":2,\"name\":\"Ateliers\"}]},{\"@type\":\"WebSite\",\"@id\":\"https:\/\/un-eveil-en-soi.com\/#website\",\"url\":\"https:\/\/un-eveil-en-soi.com\/\",\"name\":\"Un \u00e9veil en soi - Sabine Lelong - Duclos\",\"description\":\"Dans l&#039;\u00e9coute et la bienveillance\",\"publisher\":{\"@id\":\"https:\/\/un-eveil-en-soi.com\/#organization\"},\"potentialAction\":[{\"@type\":\"SearchAction\",\"target\":{\"@type\":\"EntryPoint\",\"urlTemplate\":\"https:\/\/un-eveil-en-soi.com\/?s={search_term_string}\"},\"query-input\":{\"@type\":\"PropertyValueSpecification\",\"valueRequired\":true,\"valueName\":\"search_term_string\"}}],\"inLanguage\":\"en-US\"},{\"@type\":\"Organization\",\"@id\":\"https:\/\/un-eveil-en-soi.com\/#organization\",\"name\":\"Un \u00e9veil en soi\",\"url\":\"https:\/\/un-eveil-en-soi.com\/\",\"logo\":{\"@type\":\"ImageObject\",\"inLanguage\":\"en-US\",\"@id\":\"https:\/\/un-eveil-en-soi.com\/#\/schema\/logo\/image\/\",\"url\":\"https:\/\/un-eveil-en-soi.com\/wp-content\/uploads\/2024\/06\/Logo-SL.png\",\"contentUrl\":\"https:\/\/un-eveil-en-soi.com\/wp-content\/uploads\/2024\/06\/Logo-SL.png\",\"width\":394,\"height\":250,\"caption\":\"Un \u00e9veil en soi\"},\"image\":{\"@id\":\"https:\/\/un-eveil-en-soi.com\/#\/schema\/logo\/image\/\"}}]}<\/script>\n<!-- \/ Yoast SEO plugin. -->","yoast_head_json":{"title":"Ateliers - Un \u00e9veil en soi","robots":{"index":"index","follow":"follow","max-snippet":"max-snippet:-1","max-image-preview":"max-image-preview:large","max-video-preview":"max-video-preview:-1"},"canonical":"https:\/\/un-eveil-en-soi.com\/index.php\/ateliers\/","og_locale":"en_US","og_type":"article","og_title":"Ateliers - Un \u00e9veil en soi","og_description":"Sophrologie Les cours se font en petits groupes de 6 personnes maximum et sur r\u00e9servation Si vous \u00eates int\u00e9ress\u00e9 par d&#8217;autres horaires, n&#8217;h\u00e9sitez pas \u00e0 me contacter Chamanisme","og_url":"https:\/\/un-eveil-en-soi.com\/index.php\/ateliers\/","og_site_name":"Un \u00e9veil en soi","article_modified_time":"2024-11-25T14:39:37+00:00","twitter_card":"summary_large_image","schema":{"@context":"https:\/\/schema.org","@graph":[{"@type":"WebPage","@id":"https:\/\/un-eveil-en-soi.com\/index.php\/ateliers\/","url":"https:\/\/un-eveil-en-soi.com\/index.php\/ateliers\/","name":"Ateliers - Un \u00e9veil en soi","isPartOf":{"@id":"https:\/\/un-eveil-en-soi.com\/#website"},"datePublished":"2024-07-09T16:06:06+00:00","dateModified":"2024-11-25T14:39:37+00:00","breadcrumb":{"@id":"https:\/\/un-eveil-en-soi.com\/index.php\/ateliers\/#breadcrumb"},"inLanguage":"en-US","potentialAction":[{"@type":"ReadAction","target":["https:\/\/un-eveil-en-soi.com\/index.php\/ateliers\/"]}]},{"@type":"BreadcrumbList","@id":"https:\/\/un-eveil-en-soi.com\/index.php\/ateliers\/#breadcrumb","itemListElement":[{"@type":"ListItem","position":1,"name":"Accueil","item":"https:\/\/un-eveil-en-soi.com\/"},{"@type":"ListItem","position":2,"name":"Ateliers"}]},{"@type":"WebSite","@id":"https:\/\/un-eveil-en-soi.com\/#website","url":"https:\/\/un-eveil-en-soi.com\/","name":"Un \u00e9veil en soi - Sabine Lelong - Duclos","description":"Dans l&#039;\u00e9coute et la bienveillance","publisher":{"@id":"https:\/\/un-eveil-en-soi.com\/#organization"},"potentialAction":[{"@type":"SearchAction","target":{"@type":"EntryPoint","urlTemplate":"https:\/\/un-eveil-en-soi.com\/?s={search_term_string}"},"query-input":{"@type":"PropertyValueSpecification","valueRequired":true,"valueName":"search_term_string"}}],"inLanguage":"en-US"},{"@type":"Organization","@id":"https:\/\/un-eveil-en-soi.com\/#organization","name":"Un \u00e9veil en soi","url":"https:\/\/un-eveil-en-soi.com\/","logo":{"@type":"ImageObject","inLanguage":"en-US","@id":"https:\/\/un-eveil-en-soi.com\/#\/schema\/logo\/image\/","url":"https:\/\/un-eveil-en-soi.com\/wp-content\/uploads\/2024\/06\/Logo-SL.png","contentUrl":"https:\/\/un-eveil-en-soi.com\/wp-content\/uploads\/2024\/06\/Logo-SL.png","width":394,"height":250,"caption":"Un \u00e9veil en soi"},"image":{"@id":"https:\/\/un-eveil-en-soi.com\/#\/schema\/logo\/image\/"}}]}},"_links":{"self":[{"href":"https:\/\/un-eveil-en-soi.com\/index.php\/wp-json\/wp\/v2\/pages\/390","targetHints":{"allow":["GET"]}}],"collection":[{"href":"https:\/\/un-eveil-en-soi.com\/index.php\/wp-json\/wp\/v2\/pages"}],"about":[{"href":"https:\/\/un-eveil-en-soi.com\/index.php\/wp-json\/wp\/v2\/types\/page"}],"author":[{"embeddable":true,"href":"https:\/\/un-eveil-en-soi.com\/index.php\/wp-json\/wp\/v2\/users\/1"}],"replies":[{"embeddable":true,"href":"https:\/\/un-eveil-en-soi.com\/index.php\/wp-json\/wp\/v2\/comments?post=390"}],"version-history":[{"count":9,"href":"https:\/\/un-eveil-en-soi.com\/index.php\/wp-json\/wp\/v2\/pages\/390\/revisions"}],"predecessor-version":[{"id":676,"href":"https:\/\/un-eveil-en-soi.com\/index.php\/wp-json\/wp\/v2\/pages\/390\/revisions\/676"}],"wp:attachment":[{"href":"https:\/\/un-eveil-en-soi.com\/index.php\/wp-json\/wp\/v2\/media?parent=390"}],"curies":[{"name":"wp","href":"https:\/\/api.w.org\/{rel}","templated":true}]}}