{"id":744,"date":"2025-02-07T15:46:48","date_gmt":"2025-02-07T14:46:48","guid":{"rendered":"https:\/\/un-eveil-en-soi.com\/?page_id=744"},"modified":"2025-04-03T19:23:34","modified_gmt":"2025-04-03T17:23:34","slug":"soins-chamaniques","status":"publish","type":"page","link":"https:\/\/un-eveil-en-soi.com\/index.php\/soins-chamaniques\/","title":{"rendered":"Soins chamaniques"},"content":{"rendered":"\n<div class=\"wp-block-buttons has-custom-font-size is-content-justification-center is-layout-flex wp-container-core-buttons-is-layout-a89b3969 wp-block-buttons-is-layout-flex\" style=\"font-size:15px\">\n<div class=\"wp-block-button\"><a class=\"wp-block-button__link has-accent-background-color has-background wp-element-button\">Me contacter<\/a><\/div>\n<\/div>\n\n\n\n<figure class=\"wp-block-image size-full is-resized\"><img loading=\"lazy\" decoding=\"async\" width=\"394\" height=\"394\" src=\"https:\/\/un-eveil-en-soi.com\/wp-content\/uploads\/2025\/02\/Soins-energetiques-Sabine-Lelong-Duclos.png\" alt=\"logo repr\u00e9sentant un tambour et l'\u00e9nergie\" class=\"wp-image-730\" style=\"width:151px;height:auto\" srcset=\"https:\/\/un-eveil-en-soi.com\/wp-content\/uploads\/2025\/02\/Soins-energetiques-Sabine-Lelong-Duclos.png 394w, https:\/\/un-eveil-en-soi.com\/wp-content\/uploads\/2025\/02\/Soins-energetiques-Sabine-Lelong-Duclos-300x300.png 300w, https:\/\/un-eveil-en-soi.com\/wp-content\/uploads\/2025\/02\/Soins-energetiques-Sabine-Lelong-Duclos-150x150.png 150w\" sizes=\"auto, (max-width: 394px) 100vw, 394px\" \/><\/figure>\n\n\n<div class=\"wp-block-image\">\n<figure class=\"alignright is-resized\"><img loading=\"lazy\" decoding=\"async\" width=\"250\" height=\"300\" src=\"https:\/\/un-eveil-en-soi.com\/wp-content\/uploads\/2025\/01\/tambour-chamanisme-Sabine-Lelong-Duclos.jpg\" alt=\"Tambour chamanique\nsoins chamaniques\nsoins chamaniques \u00e0 Montigny-les-Cormeilles\nsoins chamaniques pr\u00e8s de Cergy-Pontoise\nsoins chamaniques pr\u00e8s d\u2019Agenteuil\nsoins chamaniques am\u00e9rindiens\nsoin ancestral au son du tambour\nretrouver la paix int\u00e9rieur\nblocage \u00e9motionnel\nblocage karmique\nreconnexion \u00e0 soi\nnettoyage des lieux\nformation  chamanique\n\" class=\"wp-image-690\" style=\"width:197px;height:auto\"\/><\/figure>\n<\/div>\n\n\n<p class=\"has-small-font-size\"><\/p>\n\n\n\n<p class=\"has-text-color has-link-color wp-elements-8e5cfa872ce464c7dccba9998f8f183b\" style=\"color:#743975\"><strong style=\"font-style: italic;\">Un soin chamanique<\/strong> est une pratique ancestrale spirituelle et th\u00e9rapeutique, ma formation est issue de la <strong style=\"font-style: italic;\">culture am\u00e9rindienne<\/strong> (Lakota). Le soin se fait <strong style=\"font-style: italic;\">au son du tambour<\/strong>, vous n\u2019avez rien \u00e0 faire, juste vous laisser aller, des images,<br>des sensations de <strong style=\"font-style: italic;\">lib\u00e9ration<\/strong>, de <strong style=\"font-style: italic;\">paix int\u00e9rieure<\/strong>, de<strong style=\"font-style: italic;\"> clart\u00e9<\/strong> peuvent venir \u00e0 vous. Cela peut vous aider \u00e0 surmonter des <strong style=\"font-style: italic;\">blocages \u00e9motionnels<\/strong>, <strong style=\"font-style: italic;\">karmiques<\/strong>, \u00e0 vous reconnecter \u00e0 votre essence <strong style=\"font-style: italic;\">spirituelle<\/strong> et \u00e0 trouver <strong style=\"font-style: italic;\">un sens \u00e0 votre vie<\/strong>.<\/p>\n\n\n\n<p class=\"has-text-color has-link-color wp-elements-ae2c0930d9d74b1afaa2932973626b6c\" style=\"color:#743975\"><em>\u2022 Le soin permet un <strong>nettoyage profond <\/strong>de l\u2019aura et des <strong>corps subtils<\/strong>.<br>\u2022 Le soin peut \u00e9galement inclure la pratique visant \u00e0 r\u00e9cup\u00e9rer des parties de <strong>l&#8217;\u00e2me perdues<\/strong> souvent en raison de traumatismes ou d&#8217;\u00e9v\u00e9nements marquants conscients ou inconscients au cours de votre vie.<br>\u2022 Le chamanisme permet \u00e9galement de pratiquer un <strong>nettoyage des lieux et des personnes<\/strong> (psychopompe).<\/em><\/p>\n\n\n\n<p class=\"has-text-align-center has-black-color has-text-color has-link-color wp-elements-25731578074df200f9c7568c7277f1f5\"><em><em>Il est important de noter que ce soin ne remplace pas un suivi m\u00e9dical ou psychologique. Il peut \u00eatre consid\u00e9r\u00e9 comme un compl\u00e9ment aux soins traditionnels<\/em><\/em><\/p>\n\n\n\n<p><\/p>\n","protected":false},"excerpt":{"rendered":"<p>Un soin chamanique est une pratique ancestrale spirituelle et th\u00e9rapeutique, ma formation est issue de la culture am\u00e9rindienne (Lakota). Le soin se fait au son du tambour, vous n\u2019avez rien \u00e0 faire, juste vous laisser aller, des images,des sensations de lib\u00e9ration, de paix int\u00e9rieure, de clart\u00e9 peuvent venir \u00e0 vous. [&hellip;]<\/p>\n","protected":false},"author":1,"featured_media":1055,"parent":0,"menu_order":0,"comment_status":"closed","ping_status":"closed","template":"","meta":{"footnotes":""},"class_list":["post-744","page","type-page","status-publish","has-post-thumbnail","hentry"],"yoast_head":"<!-- This site is optimized with the Yoast SEO plugin v27.0 - https:\/\/yoast.com\/product\/yoast-seo-wordpress\/ -->\n<title>d\u00e9finition du soin chamaniqus<\/title>\n<meta name=\"description\" content=\"Un soin chamanique est une pratique ancestrale spirituelle et th\u00e9rapeutique, ma formation est issue de la culture am\u00e9rindienne (Lakota). Le soin se fait au son du tambour. Cela peut vous aider \u00e0 surmonter des blocages \u00e9motionnels, karmiques, \u00e0 vous reconnecter \u00e0 votre essence spirituelle et \u00e0 trouver un sens \u00e0 votre vie. Des sensations de lib\u00e9ration, de paix int\u00e9rieure, de clart\u00e9 peuvent venir \u00e0 vous.\" \/>\n<meta name=\"robots\" content=\"index, follow, max-snippet:-1, max-image-preview:large, max-video-preview:-1\" \/>\n<link rel=\"canonical\" href=\"https:\/\/un-eveil-en-soi.com\/index.php\/soins-chamaniques\/\" \/>\n<meta property=\"og:locale\" content=\"en_US\" \/>\n<meta property=\"og:type\" content=\"article\" \/>\n<meta property=\"og:title\" content=\"d\u00e9finition du soin chamaniqus\" \/>\n<meta property=\"og:description\" content=\"Un soin chamanique est une pratique ancestrale spirituelle et th\u00e9rapeutique, ma formation est issue de la culture am\u00e9rindienne (Lakota). Le soin se fait au son du tambour. Cela peut vous aider \u00e0 surmonter des blocages \u00e9motionnels, karmiques, \u00e0 vous reconnecter \u00e0 votre essence spirituelle et \u00e0 trouver un sens \u00e0 votre vie. Des sensations de lib\u00e9ration, de paix int\u00e9rieure, de clart\u00e9 peuvent venir \u00e0 vous.\" \/>\n<meta property=\"og:url\" content=\"https:\/\/un-eveil-en-soi.com\/index.php\/soins-chamaniques\/\" \/>\n<meta property=\"og:site_name\" content=\"Un \u00e9veil en soi\" \/>\n<meta property=\"article:modified_time\" content=\"2025-04-03T17:23:34+00:00\" \/>\n<meta property=\"og:image\" content=\"https:\/\/un-eveil-en-soi.com\/wp-content\/uploads\/2025\/04\/Foret-1.jpg\" \/>\n\t<meta property=\"og:image:width\" content=\"2000\" \/>\n\t<meta property=\"og:image:height\" content=\"300\" \/>\n\t<meta property=\"og:image:type\" content=\"image\/jpeg\" \/>\n<meta name=\"twitter:card\" content=\"summary_large_image\" \/>\n<meta name=\"twitter:label1\" content=\"Est. reading time\" \/>\n\t<meta name=\"twitter:data1\" content=\"2 minutes\" \/>\n<script type=\"application\/ld+json\" class=\"yoast-schema-graph\">{\"@context\":\"https:\/\/schema.org\",\"@graph\":[{\"@type\":\"WebPage\",\"@id\":\"https:\/\/un-eveil-en-soi.com\/index.php\/soins-chamaniques\/\",\"url\":\"https:\/\/un-eveil-en-soi.com\/index.php\/soins-chamaniques\/\",\"name\":\"d\u00e9finition du soin chamaniqus\",\"isPartOf\":{\"@id\":\"https:\/\/un-eveil-en-soi.com\/#website\"},\"primaryImageOfPage\":{\"@id\":\"https:\/\/un-eveil-en-soi.com\/index.php\/soins-chamaniques\/#primaryimage\"},\"image\":{\"@id\":\"https:\/\/un-eveil-en-soi.com\/index.php\/soins-chamaniques\/#primaryimage\"},\"thumbnailUrl\":\"https:\/\/un-eveil-en-soi.com\/wp-content\/uploads\/2025\/04\/Foret-1.jpg\",\"datePublished\":\"2025-02-07T14:46:48+00:00\",\"dateModified\":\"2025-04-03T17:23:34+00:00\",\"description\":\"Un soin chamanique est une pratique ancestrale spirituelle et th\u00e9rapeutique, ma formation est issue de la culture am\u00e9rindienne (Lakota). Le soin se fait au son du tambour. Cela peut vous aider \u00e0 surmonter des blocages \u00e9motionnels, karmiques, \u00e0 vous reconnecter \u00e0 votre essence spirituelle et \u00e0 trouver un sens \u00e0 votre vie. Des sensations de lib\u00e9ration, de paix int\u00e9rieure, de clart\u00e9 peuvent venir \u00e0 vous.\",\"breadcrumb\":{\"@id\":\"https:\/\/un-eveil-en-soi.com\/index.php\/soins-chamaniques\/#breadcrumb\"},\"inLanguage\":\"en-US\",\"potentialAction\":[{\"@type\":\"ReadAction\",\"target\":[\"https:\/\/un-eveil-en-soi.com\/index.php\/soins-chamaniques\/\"]}]},{\"@type\":\"ImageObject\",\"inLanguage\":\"en-US\",\"@id\":\"https:\/\/un-eveil-en-soi.com\/index.php\/soins-chamaniques\/#primaryimage\",\"url\":\"https:\/\/un-eveil-en-soi.com\/wp-content\/uploads\/2025\/04\/Foret-1.jpg\",\"contentUrl\":\"https:\/\/un-eveil-en-soi.com\/wp-content\/uploads\/2025\/04\/Foret-1.jpg\",\"width\":2000,\"height\":300,\"caption\":\"for\u00eat - soins chamaniques\"},{\"@type\":\"BreadcrumbList\",\"@id\":\"https:\/\/un-eveil-en-soi.com\/index.php\/soins-chamaniques\/#breadcrumb\",\"itemListElement\":[{\"@type\":\"ListItem\",\"position\":1,\"name\":\"Accueil\",\"item\":\"https:\/\/un-eveil-en-soi.com\/\"},{\"@type\":\"ListItem\",\"position\":2,\"name\":\"Soins chamaniques\"}]},{\"@type\":\"WebSite\",\"@id\":\"https:\/\/un-eveil-en-soi.com\/#website\",\"url\":\"https:\/\/un-eveil-en-soi.com\/\",\"name\":\"Un \u00e9veil en soi - Sabine Lelong - Duclos\",\"description\":\"Dans l&#039;\u00e9coute et la bienveillance\",\"publisher\":{\"@id\":\"https:\/\/un-eveil-en-soi.com\/#organization\"},\"potentialAction\":[{\"@type\":\"SearchAction\",\"target\":{\"@type\":\"EntryPoint\",\"urlTemplate\":\"https:\/\/un-eveil-en-soi.com\/?s={search_term_string}\"},\"query-input\":{\"@type\":\"PropertyValueSpecification\",\"valueRequired\":true,\"valueName\":\"search_term_string\"}}],\"inLanguage\":\"en-US\"},{\"@type\":\"Organization\",\"@id\":\"https:\/\/un-eveil-en-soi.com\/#organization\",\"name\":\"Un \u00e9veil en soi\",\"url\":\"https:\/\/un-eveil-en-soi.com\/\",\"logo\":{\"@type\":\"ImageObject\",\"inLanguage\":\"en-US\",\"@id\":\"https:\/\/un-eveil-en-soi.com\/#\/schema\/logo\/image\/\",\"url\":\"https:\/\/un-eveil-en-soi.com\/wp-content\/uploads\/2024\/06\/Logo-SL.png\",\"contentUrl\":\"https:\/\/un-eveil-en-soi.com\/wp-content\/uploads\/2024\/06\/Logo-SL.png\",\"width\":394,\"height\":250,\"caption\":\"Un \u00e9veil en soi\"},\"image\":{\"@id\":\"https:\/\/un-eveil-en-soi.com\/#\/schema\/logo\/image\/\"}}]}<\/script>\n<!-- \/ Yoast SEO plugin. -->","yoast_head_json":{"title":"d\u00e9finition du soin chamaniqus","description":"Un soin chamanique est une pratique ancestrale spirituelle et th\u00e9rapeutique, ma formation est issue de la culture am\u00e9rindienne (Lakota). Le soin se fait au son du tambour. Cela peut vous aider \u00e0 surmonter des blocages \u00e9motionnels, karmiques, \u00e0 vous reconnecter \u00e0 votre essence spirituelle et \u00e0 trouver un sens \u00e0 votre vie. Des sensations de lib\u00e9ration, de paix int\u00e9rieure, de clart\u00e9 peuvent venir \u00e0 vous.","robots":{"index":"index","follow":"follow","max-snippet":"max-snippet:-1","max-image-preview":"max-image-preview:large","max-video-preview":"max-video-preview:-1"},"canonical":"https:\/\/un-eveil-en-soi.com\/index.php\/soins-chamaniques\/","og_locale":"en_US","og_type":"article","og_title":"d\u00e9finition du soin chamaniqus","og_description":"Un soin chamanique est une pratique ancestrale spirituelle et th\u00e9rapeutique, ma formation est issue de la culture am\u00e9rindienne (Lakota). Le soin se fait au son du tambour. Cela peut vous aider \u00e0 surmonter des blocages \u00e9motionnels, karmiques, \u00e0 vous reconnecter \u00e0 votre essence spirituelle et \u00e0 trouver un sens \u00e0 votre vie. Des sensations de lib\u00e9ration, de paix int\u00e9rieure, de clart\u00e9 peuvent venir \u00e0 vous.","og_url":"https:\/\/un-eveil-en-soi.com\/index.php\/soins-chamaniques\/","og_site_name":"Un \u00e9veil en soi","article_modified_time":"2025-04-03T17:23:34+00:00","og_image":[{"width":2000,"height":300,"url":"https:\/\/un-eveil-en-soi.com\/wp-content\/uploads\/2025\/04\/Foret-1.jpg","type":"image\/jpeg"}],"twitter_card":"summary_large_image","twitter_misc":{"Est. reading time":"2 minutes"},"schema":{"@context":"https:\/\/schema.org","@graph":[{"@type":"WebPage","@id":"https:\/\/un-eveil-en-soi.com\/index.php\/soins-chamaniques\/","url":"https:\/\/un-eveil-en-soi.com\/index.php\/soins-chamaniques\/","name":"d\u00e9finition du soin chamaniqus","isPartOf":{"@id":"https:\/\/un-eveil-en-soi.com\/#website"},"primaryImageOfPage":{"@id":"https:\/\/un-eveil-en-soi.com\/index.php\/soins-chamaniques\/#primaryimage"},"image":{"@id":"https:\/\/un-eveil-en-soi.com\/index.php\/soins-chamaniques\/#primaryimage"},"thumbnailUrl":"https:\/\/un-eveil-en-soi.com\/wp-content\/uploads\/2025\/04\/Foret-1.jpg","datePublished":"2025-02-07T14:46:48+00:00","dateModified":"2025-04-03T17:23:34+00:00","description":"Un soin chamanique est une pratique ancestrale spirituelle et th\u00e9rapeutique, ma formation est issue de la culture am\u00e9rindienne (Lakota). Le soin se fait au son du tambour. Cela peut vous aider \u00e0 surmonter des blocages \u00e9motionnels, karmiques, \u00e0 vous reconnecter \u00e0 votre essence spirituelle et \u00e0 trouver un sens \u00e0 votre vie. Des sensations de lib\u00e9ration, de paix int\u00e9rieure, de clart\u00e9 peuvent venir \u00e0 vous.","breadcrumb":{"@id":"https:\/\/un-eveil-en-soi.com\/index.php\/soins-chamaniques\/#breadcrumb"},"inLanguage":"en-US","potentialAction":[{"@type":"ReadAction","target":["https:\/\/un-eveil-en-soi.com\/index.php\/soins-chamaniques\/"]}]},{"@type":"ImageObject","inLanguage":"en-US","@id":"https:\/\/un-eveil-en-soi.com\/index.php\/soins-chamaniques\/#primaryimage","url":"https:\/\/un-eveil-en-soi.com\/wp-content\/uploads\/2025\/04\/Foret-1.jpg","contentUrl":"https:\/\/un-eveil-en-soi.com\/wp-content\/uploads\/2025\/04\/Foret-1.jpg","width":2000,"height":300,"caption":"for\u00eat - soins chamaniques"},{"@type":"BreadcrumbList","@id":"https:\/\/un-eveil-en-soi.com\/index.php\/soins-chamaniques\/#breadcrumb","itemListElement":[{"@type":"ListItem","position":1,"name":"Accueil","item":"https:\/\/un-eveil-en-soi.com\/"},{"@type":"ListItem","position":2,"name":"Soins chamaniques"}]},{"@type":"WebSite","@id":"https:\/\/un-eveil-en-soi.com\/#website","url":"https:\/\/un-eveil-en-soi.com\/","name":"Un \u00e9veil en soi - Sabine Lelong - Duclos","description":"Dans l&#039;\u00e9coute et la bienveillance","publisher":{"@id":"https:\/\/un-eveil-en-soi.com\/#organization"},"potentialAction":[{"@type":"SearchAction","target":{"@type":"EntryPoint","urlTemplate":"https:\/\/un-eveil-en-soi.com\/?s={search_term_string}"},"query-input":{"@type":"PropertyValueSpecification","valueRequired":true,"valueName":"search_term_string"}}],"inLanguage":"en-US"},{"@type":"Organization","@id":"https:\/\/un-eveil-en-soi.com\/#organization","name":"Un \u00e9veil en soi","url":"https:\/\/un-eveil-en-soi.com\/","logo":{"@type":"ImageObject","inLanguage":"en-US","@id":"https:\/\/un-eveil-en-soi.com\/#\/schema\/logo\/image\/","url":"https:\/\/un-eveil-en-soi.com\/wp-content\/uploads\/2024\/06\/Logo-SL.png","contentUrl":"https:\/\/un-eveil-en-soi.com\/wp-content\/uploads\/2024\/06\/Logo-SL.png","width":394,"height":250,"caption":"Un \u00e9veil en soi"},"image":{"@id":"https:\/\/un-eveil-en-soi.com\/#\/schema\/logo\/image\/"}}]}},"_links":{"self":[{"href":"https:\/\/un-eveil-en-soi.com\/index.php\/wp-json\/wp\/v2\/pages\/744","targetHints":{"allow":["GET"]}}],"collection":[{"href":"https:\/\/un-eveil-en-soi.com\/index.php\/wp-json\/wp\/v2\/pages"}],"about":[{"href":"https:\/\/un-eveil-en-soi.com\/index.php\/wp-json\/wp\/v2\/types\/page"}],"author":[{"embeddable":true,"href":"https:\/\/un-eveil-en-soi.com\/index.php\/wp-json\/wp\/v2\/users\/1"}],"replies":[{"embeddable":true,"href":"https:\/\/un-eveil-en-soi.com\/index.php\/wp-json\/wp\/v2\/comments?post=744"}],"version-history":[{"count":31,"href":"https:\/\/un-eveil-en-soi.com\/index.php\/wp-json\/wp\/v2\/pages\/744\/revisions"}],"predecessor-version":[{"id":995,"href":"https:\/\/un-eveil-en-soi.com\/index.php\/wp-json\/wp\/v2\/pages\/744\/revisions\/995"}],"wp:featuredmedia":[{"embeddable":true,"href":"https:\/\/un-eveil-en-soi.com\/index.php\/wp-json\/wp\/v2\/media\/1055"}],"wp:attachment":[{"href":"https:\/\/un-eveil-en-soi.com\/index.php\/wp-json\/wp\/v2\/media?parent=744"}],"curies":[{"name":"wp","href":"https:\/\/api.w.org\/{rel}","templated":true}]}}