{"id":757,"date":"2025-03-04T18:19:18","date_gmt":"2025-03-04T17:19:18","guid":{"rendered":"https:\/\/un-eveil-en-soi.com\/?page_id=757"},"modified":"2025-03-25T12:03:44","modified_gmt":"2025-03-25T11:03:44","slug":"reiki-usui","status":"publish","type":"page","link":"https:\/\/un-eveil-en-soi.com\/index.php\/reiki-usui\/","title":{"rendered":"Reiki Usui"},"content":{"rendered":"\n<p class=\"has-header-gradient-color has-text-color has-link-color wp-elements-ccf824128b134d8b87c5bb1418ceca95\"><\/p>\n\n\n\n<div class=\"wp-block-buttons is-content-justification-center is-layout-flex wp-container-core-buttons-is-layout-a89b3969 wp-block-buttons-is-layout-flex\">\n<div class=\"wp-block-button has-custom-font-size\" style=\"font-size:15px;font-style:normal;font-weight:500\"><a class=\"wp-block-button__link has-accent-background-color has-background has-text-align-center wp-element-button\" href=\"https:\/\/un-eveil-en-soi.com\/index.php\/contact\/\" style=\"padding-top:6px;padding-right:var(--wp--preset--spacing--30);padding-bottom:6px;padding-left:var(--wp--preset--spacing--30)\">Me contacter<\/a><\/div>\n<\/div>\n\n\n\n<figure class=\"wp-block-image size-full is-resized\"><img loading=\"lazy\" decoding=\"async\" width=\"394\" height=\"394\" src=\"https:\/\/un-eveil-en-soi.com\/wp-content\/uploads\/2025\/02\/Soins-energetiques-Sabine-Lelong-Duclos.png\" alt=\"Reiki\nReiki \u00e0 Montigny-les-Cormeilles\nReiki pr\u00e8s de Cergy-Pontoise\nReiki pr\u00e8s d\u2019Agenteuil\nReiki Mikao Usui\nSoins \u00e9nerg\u00e9tiques Reiki\nPratique ancestral japonaise\nHarmonisation des chakras\nR\u00e9\u00e9quilibrage des chakras\nMaitre Reiki\nFormation Reiki\n\" class=\"wp-image-730\" style=\"width:151px;height:auto\" srcset=\"https:\/\/un-eveil-en-soi.com\/wp-content\/uploads\/2025\/02\/Soins-energetiques-Sabine-Lelong-Duclos.png 394w, https:\/\/un-eveil-en-soi.com\/wp-content\/uploads\/2025\/02\/Soins-energetiques-Sabine-Lelong-Duclos-300x300.png 300w, https:\/\/un-eveil-en-soi.com\/wp-content\/uploads\/2025\/02\/Soins-energetiques-Sabine-Lelong-Duclos-150x150.png 150w\" sizes=\"auto, (max-width: 394px) 100vw, 394px\" \/><\/figure>\n\n\n\n<div style=\"height:31px\" aria-hidden=\"true\" class=\"wp-block-spacer\"><\/div>\n\n\n\n<p class=\"has-text-color has-link-color wp-elements-372fcb540cdcd4cd77da42b7bcb568a3\" style=\"color:#743975\"><strong>Ma\u00eetre Reiki depuis 2017<\/strong>.<br>Le Reiki est une m\u00e9thode de soins \u00e9nerg\u00e9tiques d\u2019origine japonaise, mis au point au d\u00e9but du 20<sup>\u00e8me<\/sup> si\u00e8cle par <strong>Mikao Usui,<\/strong> moine bouddhiste. C&#8217;est un <strong>soin holistique<\/strong> qui se pratique par imposition des mains. Il permet d\u2019\u00e9quilibrer les \u00e9nergies de la personne pour qu\u2019elle trouve <strong>un apaisement durable et profond au niveau de son corps, de son psychique et de son \u00e9motionnel<\/strong>.<\/p>\n\n\n\n<p class=\"has-text-color has-link-color wp-elements-10e49dfdcf193032424f6b4f7ec09f8a\" style=\"color:#743975\"><u><strong>Les bienfaits<\/strong><\/u><\/p>\n\n\n\n<ul style=\"color:#743975\" class=\"wp-block-list has-text-color has-link-color wp-elements-af81be3facd4238af4004144068098e2\">\n<li>Favoriser l\u2019\u00e9tat de relaxation<\/li>\n\n\n\n<li>Harmoniser la circulation des \u00e9nergies<\/li>\n\n\n\n<li>Apaiser le corps et l\u2019esprit<\/li>\n\n\n\n<li>Diminution des douleurs physiques<\/li>\n\n\n\n<li>Diminution du stress<\/li>\n\n\n\n<li>Retrouver un sommeil r\u00e9parateur<\/li>\n\n\n\n<li>Eveille et soutient le d\u00e9veloppement de toutes nos potentialit\u00e9s latentes<\/li>\n<\/ul>\n\n\n\n<p class=\"has-accent-color has-text-color has-link-color wp-elements-83fdc9c78778fc746f492740b8508580\"><strong>Si vous souhaitez vous former au Reiki, n\u2019h\u00e9sitez pas \u00e0 me contacter<\/strong>.<\/p>\n\n\n\n<div class=\"wp-block-columns is-layout-flex wp-container-core-columns-is-layout-28f84493 wp-block-columns-is-layout-flex\">\n<div class=\"wp-block-column is-vertically-aligned-center is-layout-flow wp-block-column-is-layout-flow\">\n<figure class=\"wp-block-image size-full is-resized\"><img decoding=\"async\" src=\"https:\/\/un-eveil-en-soi.com\/wp-content\/uploads\/2025\/03\/woman-energy-therapy-close-up-1.jpg\" alt=\"Reiki\nReiki \u00e0 Montigny-les-Cormeilles\nReiki pr\u00e8s de Cergy-Pontoise\nReiki pr\u00e8s d\u2019Agenteuil\nReiki Mikao Usui\nSoins \u00e9nerg\u00e9tiques Reiki\nPratique ancestral japonaise\nHarmonisation des chakras\nR\u00e9\u00e9quilibrage des chakras\nMaitre Reiki\nFormation Reiki\n\" class=\"wp-image-1013\" style=\"width:333px;height:auto\"\/><\/figure>\n<\/div>\n\n\n\n<div class=\"wp-block-column is-layout-flow wp-block-column-is-layout-flow\"><div class=\"wp-block-image\">\n<figure class=\"alignright size-full is-resized\"><img loading=\"lazy\" decoding=\"async\" width=\"250\" height=\"300\" src=\"https:\/\/un-eveil-en-soi.com\/wp-content\/uploads\/2025\/03\/chakras.jpg\" alt=\"Reiki\nReiki \u00e0 Montigny-les-Cormeilles\nReiki pr\u00e8s de Cergy-Pontoise\nReiki pr\u00e8s d\u2019Agenteuil\nReiki Mikao Usui\nSoins \u00e9nerg\u00e9tiques Reiki\nPratique ancestral japonaise\nHarmonisation des chakras\nR\u00e9\u00e9quilibrage des chakras\nMaitre Reiki\nFormation Reiki\n\" class=\"wp-image-1012\" style=\"width:210px;height:auto\"\/><\/figure>\n<\/div><\/div>\n<\/div>\n\n\n\n<p class=\"has-text-align-center has-black-color has-text-color has-link-color wp-elements-7d7385ff964ae6fd2bf7fe4536963006\"><em>Il est important de noter que ce soin ne remplace pas un suivi m\u00e9dical ou psychologique. Il peut \u00eatre consid\u00e9r\u00e9 comme un compl\u00e9ment aux soins traditionnels<\/em><\/p>\n\n\n\n<p><\/p>\n","protected":false},"excerpt":{"rendered":"<p>Ma\u00eetre Reiki depuis 2017.Le Reiki est une m\u00e9thode de soins \u00e9nerg\u00e9tiques d\u2019origine japonaise, mis au point au d\u00e9but du 20\u00e8me si\u00e8cle par Mikao Usui, moine bouddhiste. C&#8217;est un soin holistique qui se pratique par imposition des mains. Il permet d\u2019\u00e9quilibrer les \u00e9nergies de la personne pour qu\u2019elle trouve un apaisement [&hellip;]<\/p>\n","protected":false},"author":1,"featured_media":1039,"parent":0,"menu_order":0,"comment_status":"closed","ping_status":"closed","template":"","meta":{"footnotes":""},"class_list":["post-757","page","type-page","status-publish","has-post-thumbnail","hentry"],"yoast_head":"<!-- This site is optimized with the Yoast SEO plugin v27.0 - https:\/\/yoast.com\/product\/yoast-seo-wordpress\/ -->\n<title>D\u00e9finition du Reiki Usui<\/title>\n<meta name=\"description\" content=\"Le Reiki est une m\u00e9thode de soins \u00e9nerg\u00e9tiques d\u2019origine japonaise, mis au point au d\u00e9but du 20\u00e8me si\u00e8cle par Mikao Usui, moine bouddhiste. C&#039;est un soin holistique qui se pratique par imposition des mains. Il permet d\u2019\u00e9quilibrer les \u00e9nergies de la personne pour qu\u2019elle trouve un apaisement durable et profond au niveau de son corps, de son psychique et de son \u00e9motionnel.\" \/>\n<meta name=\"robots\" content=\"index, follow, max-snippet:-1, max-image-preview:large, max-video-preview:-1\" \/>\n<link rel=\"canonical\" href=\"https:\/\/un-eveil-en-soi.com\/index.php\/reiki-usui\/\" \/>\n<meta property=\"og:locale\" content=\"en_US\" \/>\n<meta property=\"og:type\" content=\"article\" \/>\n<meta property=\"og:title\" content=\"D\u00e9finition du Reiki Usui\" \/>\n<meta property=\"og:description\" content=\"Le Reiki est une m\u00e9thode de soins \u00e9nerg\u00e9tiques d\u2019origine japonaise, mis au point au d\u00e9but du 20\u00e8me si\u00e8cle par Mikao Usui, moine bouddhiste. C&#039;est un soin holistique qui se pratique par imposition des mains. Il permet d\u2019\u00e9quilibrer les \u00e9nergies de la personne pour qu\u2019elle trouve un apaisement durable et profond au niveau de son corps, de son psychique et de son \u00e9motionnel.\" \/>\n<meta property=\"og:url\" content=\"https:\/\/un-eveil-en-soi.com\/index.php\/reiki-usui\/\" \/>\n<meta property=\"og:site_name\" content=\"Un \u00e9veil en soi\" \/>\n<meta property=\"article:modified_time\" content=\"2025-03-25T11:03:44+00:00\" \/>\n<meta property=\"og:image\" content=\"https:\/\/un-eveil-en-soi.com\/wp-content\/uploads\/2025\/03\/Soins-Reiki-Pierre-Chakra-1.jpg\" \/>\n\t<meta property=\"og:image:width\" content=\"2000\" \/>\n\t<meta property=\"og:image:height\" content=\"300\" \/>\n\t<meta property=\"og:image:type\" content=\"image\/jpeg\" \/>\n<meta name=\"twitter:card\" content=\"summary_large_image\" \/>\n<meta name=\"twitter:label1\" content=\"Est. reading time\" \/>\n\t<meta name=\"twitter:data1\" content=\"2 minutes\" \/>\n<script type=\"application\/ld+json\" class=\"yoast-schema-graph\">{\"@context\":\"https:\/\/schema.org\",\"@graph\":[{\"@type\":\"WebPage\",\"@id\":\"https:\/\/un-eveil-en-soi.com\/index.php\/reiki-usui\/\",\"url\":\"https:\/\/un-eveil-en-soi.com\/index.php\/reiki-usui\/\",\"name\":\"D\u00e9finition du Reiki Usui\",\"isPartOf\":{\"@id\":\"https:\/\/un-eveil-en-soi.com\/#website\"},\"primaryImageOfPage\":{\"@id\":\"https:\/\/un-eveil-en-soi.com\/index.php\/reiki-usui\/#primaryimage\"},\"image\":{\"@id\":\"https:\/\/un-eveil-en-soi.com\/index.php\/reiki-usui\/#primaryimage\"},\"thumbnailUrl\":\"https:\/\/un-eveil-en-soi.com\/wp-content\/uploads\/2025\/03\/Soins-Reiki-Pierre-Chakra-1.jpg\",\"datePublished\":\"2025-03-04T17:19:18+00:00\",\"dateModified\":\"2025-03-25T11:03:44+00:00\",\"description\":\"Le Reiki est une m\u00e9thode de soins \u00e9nerg\u00e9tiques d\u2019origine japonaise, mis au point au d\u00e9but du 20\u00e8me si\u00e8cle par Mikao Usui, moine bouddhiste. C'est un soin holistique qui se pratique par imposition des mains. Il permet d\u2019\u00e9quilibrer les \u00e9nergies de la personne pour qu\u2019elle trouve un apaisement durable et profond au niveau de son corps, de son psychique et de son \u00e9motionnel.\",\"breadcrumb\":{\"@id\":\"https:\/\/un-eveil-en-soi.com\/index.php\/reiki-usui\/#breadcrumb\"},\"inLanguage\":\"en-US\",\"potentialAction\":[{\"@type\":\"ReadAction\",\"target\":[\"https:\/\/un-eveil-en-soi.com\/index.php\/reiki-usui\/\"]}]},{\"@type\":\"ImageObject\",\"inLanguage\":\"en-US\",\"@id\":\"https:\/\/un-eveil-en-soi.com\/index.php\/reiki-usui\/#primaryimage\",\"url\":\"https:\/\/un-eveil-en-soi.com\/wp-content\/uploads\/2025\/03\/Soins-Reiki-Pierre-Chakra-1.jpg\",\"contentUrl\":\"https:\/\/un-eveil-en-soi.com\/wp-content\/uploads\/2025\/03\/Soins-Reiki-Pierre-Chakra-1.jpg\",\"width\":2000,\"height\":300},{\"@type\":\"BreadcrumbList\",\"@id\":\"https:\/\/un-eveil-en-soi.com\/index.php\/reiki-usui\/#breadcrumb\",\"itemListElement\":[{\"@type\":\"ListItem\",\"position\":1,\"name\":\"Accueil\",\"item\":\"https:\/\/un-eveil-en-soi.com\/\"},{\"@type\":\"ListItem\",\"position\":2,\"name\":\"Reiki Usui\"}]},{\"@type\":\"WebSite\",\"@id\":\"https:\/\/un-eveil-en-soi.com\/#website\",\"url\":\"https:\/\/un-eveil-en-soi.com\/\",\"name\":\"Un \u00e9veil en soi - Sabine Lelong - Duclos\",\"description\":\"Dans l&#039;\u00e9coute et la bienveillance\",\"publisher\":{\"@id\":\"https:\/\/un-eveil-en-soi.com\/#organization\"},\"potentialAction\":[{\"@type\":\"SearchAction\",\"target\":{\"@type\":\"EntryPoint\",\"urlTemplate\":\"https:\/\/un-eveil-en-soi.com\/?s={search_term_string}\"},\"query-input\":{\"@type\":\"PropertyValueSpecification\",\"valueRequired\":true,\"valueName\":\"search_term_string\"}}],\"inLanguage\":\"en-US\"},{\"@type\":\"Organization\",\"@id\":\"https:\/\/un-eveil-en-soi.com\/#organization\",\"name\":\"Un \u00e9veil en soi\",\"url\":\"https:\/\/un-eveil-en-soi.com\/\",\"logo\":{\"@type\":\"ImageObject\",\"inLanguage\":\"en-US\",\"@id\":\"https:\/\/un-eveil-en-soi.com\/#\/schema\/logo\/image\/\",\"url\":\"https:\/\/un-eveil-en-soi.com\/wp-content\/uploads\/2024\/06\/Logo-SL.png\",\"contentUrl\":\"https:\/\/un-eveil-en-soi.com\/wp-content\/uploads\/2024\/06\/Logo-SL.png\",\"width\":394,\"height\":250,\"caption\":\"Un \u00e9veil en soi\"},\"image\":{\"@id\":\"https:\/\/un-eveil-en-soi.com\/#\/schema\/logo\/image\/\"}}]}<\/script>\n<!-- \/ Yoast SEO plugin. -->","yoast_head_json":{"title":"D\u00e9finition du Reiki Usui","description":"Le Reiki est une m\u00e9thode de soins \u00e9nerg\u00e9tiques d\u2019origine japonaise, mis au point au d\u00e9but du 20\u00e8me si\u00e8cle par Mikao Usui, moine bouddhiste. C'est un soin holistique qui se pratique par imposition des mains. Il permet d\u2019\u00e9quilibrer les \u00e9nergies de la personne pour qu\u2019elle trouve un apaisement durable et profond au niveau de son corps, de son psychique et de son \u00e9motionnel.","robots":{"index":"index","follow":"follow","max-snippet":"max-snippet:-1","max-image-preview":"max-image-preview:large","max-video-preview":"max-video-preview:-1"},"canonical":"https:\/\/un-eveil-en-soi.com\/index.php\/reiki-usui\/","og_locale":"en_US","og_type":"article","og_title":"D\u00e9finition du Reiki Usui","og_description":"Le Reiki est une m\u00e9thode de soins \u00e9nerg\u00e9tiques d\u2019origine japonaise, mis au point au d\u00e9but du 20\u00e8me si\u00e8cle par Mikao Usui, moine bouddhiste. C'est un soin holistique qui se pratique par imposition des mains. Il permet d\u2019\u00e9quilibrer les \u00e9nergies de la personne pour qu\u2019elle trouve un apaisement durable et profond au niveau de son corps, de son psychique et de son \u00e9motionnel.","og_url":"https:\/\/un-eveil-en-soi.com\/index.php\/reiki-usui\/","og_site_name":"Un \u00e9veil en soi","article_modified_time":"2025-03-25T11:03:44+00:00","og_image":[{"width":2000,"height":300,"url":"https:\/\/un-eveil-en-soi.com\/wp-content\/uploads\/2025\/03\/Soins-Reiki-Pierre-Chakra-1.jpg","type":"image\/jpeg"}],"twitter_card":"summary_large_image","twitter_misc":{"Est. reading time":"2 minutes"},"schema":{"@context":"https:\/\/schema.org","@graph":[{"@type":"WebPage","@id":"https:\/\/un-eveil-en-soi.com\/index.php\/reiki-usui\/","url":"https:\/\/un-eveil-en-soi.com\/index.php\/reiki-usui\/","name":"D\u00e9finition du Reiki Usui","isPartOf":{"@id":"https:\/\/un-eveil-en-soi.com\/#website"},"primaryImageOfPage":{"@id":"https:\/\/un-eveil-en-soi.com\/index.php\/reiki-usui\/#primaryimage"},"image":{"@id":"https:\/\/un-eveil-en-soi.com\/index.php\/reiki-usui\/#primaryimage"},"thumbnailUrl":"https:\/\/un-eveil-en-soi.com\/wp-content\/uploads\/2025\/03\/Soins-Reiki-Pierre-Chakra-1.jpg","datePublished":"2025-03-04T17:19:18+00:00","dateModified":"2025-03-25T11:03:44+00:00","description":"Le Reiki est une m\u00e9thode de soins \u00e9nerg\u00e9tiques d\u2019origine japonaise, mis au point au d\u00e9but du 20\u00e8me si\u00e8cle par Mikao Usui, moine bouddhiste. C'est un soin holistique qui se pratique par imposition des mains. Il permet d\u2019\u00e9quilibrer les \u00e9nergies de la personne pour qu\u2019elle trouve un apaisement durable et profond au niveau de son corps, de son psychique et de son \u00e9motionnel.","breadcrumb":{"@id":"https:\/\/un-eveil-en-soi.com\/index.php\/reiki-usui\/#breadcrumb"},"inLanguage":"en-US","potentialAction":[{"@type":"ReadAction","target":["https:\/\/un-eveil-en-soi.com\/index.php\/reiki-usui\/"]}]},{"@type":"ImageObject","inLanguage":"en-US","@id":"https:\/\/un-eveil-en-soi.com\/index.php\/reiki-usui\/#primaryimage","url":"https:\/\/un-eveil-en-soi.com\/wp-content\/uploads\/2025\/03\/Soins-Reiki-Pierre-Chakra-1.jpg","contentUrl":"https:\/\/un-eveil-en-soi.com\/wp-content\/uploads\/2025\/03\/Soins-Reiki-Pierre-Chakra-1.jpg","width":2000,"height":300},{"@type":"BreadcrumbList","@id":"https:\/\/un-eveil-en-soi.com\/index.php\/reiki-usui\/#breadcrumb","itemListElement":[{"@type":"ListItem","position":1,"name":"Accueil","item":"https:\/\/un-eveil-en-soi.com\/"},{"@type":"ListItem","position":2,"name":"Reiki Usui"}]},{"@type":"WebSite","@id":"https:\/\/un-eveil-en-soi.com\/#website","url":"https:\/\/un-eveil-en-soi.com\/","name":"Un \u00e9veil en soi - Sabine Lelong - Duclos","description":"Dans l&#039;\u00e9coute et la bienveillance","publisher":{"@id":"https:\/\/un-eveil-en-soi.com\/#organization"},"potentialAction":[{"@type":"SearchAction","target":{"@type":"EntryPoint","urlTemplate":"https:\/\/un-eveil-en-soi.com\/?s={search_term_string}"},"query-input":{"@type":"PropertyValueSpecification","valueRequired":true,"valueName":"search_term_string"}}],"inLanguage":"en-US"},{"@type":"Organization","@id":"https:\/\/un-eveil-en-soi.com\/#organization","name":"Un \u00e9veil en soi","url":"https:\/\/un-eveil-en-soi.com\/","logo":{"@type":"ImageObject","inLanguage":"en-US","@id":"https:\/\/un-eveil-en-soi.com\/#\/schema\/logo\/image\/","url":"https:\/\/un-eveil-en-soi.com\/wp-content\/uploads\/2024\/06\/Logo-SL.png","contentUrl":"https:\/\/un-eveil-en-soi.com\/wp-content\/uploads\/2024\/06\/Logo-SL.png","width":394,"height":250,"caption":"Un \u00e9veil en soi"},"image":{"@id":"https:\/\/un-eveil-en-soi.com\/#\/schema\/logo\/image\/"}}]}},"_links":{"self":[{"href":"https:\/\/un-eveil-en-soi.com\/index.php\/wp-json\/wp\/v2\/pages\/757","targetHints":{"allow":["GET"]}}],"collection":[{"href":"https:\/\/un-eveil-en-soi.com\/index.php\/wp-json\/wp\/v2\/pages"}],"about":[{"href":"https:\/\/un-eveil-en-soi.com\/index.php\/wp-json\/wp\/v2\/types\/page"}],"author":[{"embeddable":true,"href":"https:\/\/un-eveil-en-soi.com\/index.php\/wp-json\/wp\/v2\/users\/1"}],"replies":[{"embeddable":true,"href":"https:\/\/un-eveil-en-soi.com\/index.php\/wp-json\/wp\/v2\/comments?post=757"}],"version-history":[{"count":35,"href":"https:\/\/un-eveil-en-soi.com\/index.php\/wp-json\/wp\/v2\/pages\/757\/revisions"}],"predecessor-version":[{"id":1016,"href":"https:\/\/un-eveil-en-soi.com\/index.php\/wp-json\/wp\/v2\/pages\/757\/revisions\/1016"}],"wp:featuredmedia":[{"embeddable":true,"href":"https:\/\/un-eveil-en-soi.com\/index.php\/wp-json\/wp\/v2\/media\/1039"}],"wp:attachment":[{"href":"https:\/\/un-eveil-en-soi.com\/index.php\/wp-json\/wp\/v2\/media?parent=757"}],"curies":[{"name":"wp","href":"https:\/\/api.w.org\/{rel}","templated":true}]}}