{"id":77,"date":"2024-06-18T18:08:02","date_gmt":"2024-06-18T16:08:02","guid":{"rendered":"http:\/\/uneveij.cluster023.hosting.ovh.net\/?page_id=77"},"modified":"2025-04-03T21:38:27","modified_gmt":"2025-04-03T19:38:27","slug":"soins-energetiques","status":"publish","type":"page","link":"https:\/\/un-eveil-en-soi.com\/index.php\/soins-energetiques\/","title":{"rendered":"Soins \u00e9nerg\u00e9tiques"},"content":{"rendered":"\n<p class=\"has-text-align-center has-accent-color has-text-color has-link-color has-medium-font-size wp-elements-b53404b3f5902fe3344fd722c7b2967b\"><strong>J&#8217;adapte ma pratique selon vos besoins.<br>Votre soin sera donc personnalis\u00e9 et unique afin de retrouver votre bien-\u00eatre physique et psychique.<\/strong><\/p>\n\n\n\n<p class=\"has-text-align-center has-text-color has-link-color wp-elements-a8b35f06f18d2e244348fbf803db8626\" style=\"color:#743975\"><strong>Chaque praticien est unique ce qui fait que chaque soin est unique<\/strong><\/p>\n\n\n\n<div style=\"height:20px\" aria-hidden=\"true\" class=\"wp-block-spacer\"><\/div>\n\n\n\n<div class=\"wp-block-buttons has-custom-font-size is-content-justification-center is-layout-flex wp-container-core-buttons-is-layout-e5a4d630 wp-block-buttons-is-layout-flex\" style=\"border-style:none;border-width:0px;border-radius:0px;margin-top:0;margin-bottom:0;padding-top:0;padding-right:0;padding-bottom:0;padding-left:0;font-size:15px\">\n<div class=\"wp-block-button has-custom-font-size\" style=\"font-size:15px;font-style:normal;font-weight:500\"><a class=\"wp-block-button__link has-accent-background-color has-background wp-element-button\" href=\"https:\/\/un-eveil-en-soi.com\/index.php\/contact\/\" style=\"border-radius:100px\">Me contacter<\/a><\/div>\n<\/div>\n\n\n\n<figure class=\"wp-block-image size-full is-resized\"><img loading=\"lazy\" decoding=\"async\" width=\"394\" height=\"394\" src=\"https:\/\/un-eveil-en-soi.com\/wp-content\/uploads\/2025\/02\/Soins-energetiques-Sabine-Lelong-Duclos.png\" alt=\"logo repr\u00e9sentant un tambour et l'\u00e9nergie\" class=\"wp-image-730\" style=\"width:151px;height:auto\" srcset=\"https:\/\/un-eveil-en-soi.com\/wp-content\/uploads\/2025\/02\/Soins-energetiques-Sabine-Lelong-Duclos.png 394w, https:\/\/un-eveil-en-soi.com\/wp-content\/uploads\/2025\/02\/Soins-energetiques-Sabine-Lelong-Duclos-300x300.png 300w, https:\/\/un-eveil-en-soi.com\/wp-content\/uploads\/2025\/02\/Soins-energetiques-Sabine-Lelong-Duclos-150x150.png 150w\" sizes=\"auto, (max-width: 394px) 100vw, 394px\" \/><\/figure>\n\n\n\n<h2 class=\"wp-block-heading has-text-align-left has-accent-color has-text-color has-link-color wp-elements-116446b27592afa1da05190f12d21b9f\">Soins \u00e9nerg\u00e9tiques<\/h2>\n\n\n\n<div style=\"height:19px\" aria-hidden=\"true\" class=\"wp-block-spacer\"><\/div>\n\n\n<div class=\"wp-block-image\">\n<figure class=\"alignright size-full is-resized\"><img loading=\"lazy\" decoding=\"async\" width=\"250\" height=\"201\" src=\"https:\/\/un-eveil-en-soi.com\/wp-content\/uploads\/2025\/03\/person-conducting-reiki-therapy.jpg\" alt=\"Image de freepik\nsoins \u00e9nerg\u00e9tiques\nsoins \u00e9nerg\u00e9tiques \u00e0 Montigny-les-Cormeilles\nsoins \u00e9nerg\u00e9tiques pr\u00e8s de Cergy-Pontoise\nsoins \u00e9nerg\u00e9tiques pr\u00e8s d\u2019Agenteuil\n\u00e9nerg\u00e9ticienne\n\u00e9nerg\u00e9ticienne \u00e0 Montigny-les-Cormeilles\n\u00e9nerg\u00e9ticienne pr\u00e8s de Cergy-Pontoise\n\u00e9nerg\u00e9ticienne pr\u00e8s d\u2019Agenteuil\n\u00e9nergie\n\u00e9nergie vitale\nsoins holistiques\nretrouver son \u00e9nergie vitale\nmedecine alternative\ngestions des \u00e9motions\n\" class=\"wp-image-979\" style=\"width:177px;height:auto\"\/><\/figure>\n<\/div>\n\n\n<p class=\"has-text-align-left has-text-color has-link-color wp-elements-5f39e950f92b57f0b1308a75a0346f33\" style=\"color:#743975;font-style:normal;font-weight:400\"><strong>Un soin \u00e9nerg\u00e9tique est une pratique qui vise \u00e0 r\u00e9tablir l&#8217;\u00e9quilibre et l&#8217;harmonie au sein du corps et de l&#8217;esprit en travaillant sur les \u00e9nergies vitales<\/strong>. Il adopte une <strong>vision holistique<\/strong> de l&#8217;individu, prenant en compte le corps, l&#8217;esprit et l&#8217;\u00e2me. Il ne se limite pas \u00e0 traiter les sympt\u00f4mes, mais cherche \u00e0 identifier et \u00e0 <strong>traiter les causes profondes des d\u00e9s\u00e9quilibres.<\/strong><br>Dans de nombreuses traditions spirituelles et m\u00e9decines alternatives, on consid\u00e8re que tout \u00eatre vivant poss\u00e8de une<strong> \u00e9nergie vitale<\/strong>. Cette \u00e9nergie peut circuler librement ou \u00eatre bloqu\u00e9e, ce qui peut entra\u00eener des d\u00e9s\u00e9quilibres physiques, \u00e9motionnels ou spirituels.<br><strong>Chaque s\u00e9ance est unique<\/strong> et l&#8217;exp\u00e9rience peut varier d&#8217;une personne \u00e0 l&#8217;autre. Certaines ressentent des sensations physiques, d&#8217;autres peuvent avoir des visions, des \u00e9motions qui \u00e9mergent, ou simplement une profonde relaxation. Les soins \u00e9nerg\u00e9tiques peuvent aider \u00e0<strong> r\u00e9duire le stress<\/strong> \u00e0 <strong>soulager des douleurs<\/strong>, favoriser une <strong>meilleure qualit\u00e9 de sommeil<\/strong>, une <strong>meilleure qualit\u00e9 de vie<\/strong>.<br>Le soin se pratique par imposition des mains en contact ou au-dessus du corps. La personne est allong\u00e9e et habill\u00e9e.<\/p>\n\n\n\n<p><\/p>\n\n\n\n<p class=\"has-text-color has-link-color wp-elements-6a5f82c49e45e560adac422cfd0edc56\" style=\"color:#743975;font-style:normal;font-weight:400\">Nous prendrons le temps d\u2019\u00e9changer avant et apr\u00e8s le soin en toute bienveillance et confidentialit\u00e9. <\/p>\n\n\n\n<p><\/p>\n\n\n\n<p class=\"has-text-align-center has-black-color has-text-color has-link-color wp-elements-25731578074df200f9c7568c7277f1f5\"><em><em>Il est important de noter que ce soin ne remplace pas un suivi m\u00e9dical ou psychologique. Il peut \u00eatre consid\u00e9r\u00e9 comme un compl\u00e9ment aux soins traditionnels<\/em><\/em><\/p>\n\n\n\n<p class=\"has-header-gradient-color has-text-color has-link-color wp-elements-ccf824128b134d8b87c5bb1418ceca95\"><\/p>\n\n\n\n<p><\/p>\n","protected":false},"excerpt":{"rendered":"<p>J&#8217;adapte ma pratique selon vos besoins.Votre soin sera donc personnalis\u00e9 et unique afin de retrouver votre bien-\u00eatre physique et psychique. Chaque praticien est unique ce qui fait que chaque soin est unique Soins \u00e9nerg\u00e9tiques Un soin \u00e9nerg\u00e9tique est une pratique qui vise \u00e0 r\u00e9tablir l&#8217;\u00e9quilibre et l&#8217;harmonie au sein du [&hellip;]<\/p>\n","protected":false},"author":1,"featured_media":1059,"parent":0,"menu_order":0,"comment_status":"closed","ping_status":"closed","template":"","meta":{"footnotes":""},"class_list":["post-77","page","type-page","status-publish","has-post-thumbnail","hentry"],"yoast_head":"<!-- This site is optimized with the Yoast SEO plugin v27.0 - https:\/\/yoast.com\/product\/yoast-seo-wordpress\/ -->\n<title>D\u00e9finition soins \u00e9nerg\u00e9tiques<\/title>\n<meta name=\"description\" content=\"Un soin \u00e9nerg\u00e9tique est une pratique qui vise \u00e0 r\u00e9tablir l&#039;\u00e9quilibre et l&#039;harmonie au sein du corps et de l&#039;esprit en travaillant sur les \u00e9nergies vitales. Il adopte une vision holistique de l&#039;individu, prenant en compte le corps, l&#039;esprit et l&#039;\u00e2me.\" \/>\n<meta name=\"robots\" content=\"index, follow, max-snippet:-1, max-image-preview:large, max-video-preview:-1\" \/>\n<link rel=\"canonical\" href=\"https:\/\/un-eveil-en-soi.com\/index.php\/soins-energetiques\/\" \/>\n<meta property=\"og:locale\" content=\"en_US\" \/>\n<meta property=\"og:type\" content=\"article\" \/>\n<meta property=\"og:title\" content=\"D\u00e9finition soins \u00e9nerg\u00e9tiques\" \/>\n<meta property=\"og:description\" content=\"Un soin \u00e9nerg\u00e9tique est une pratique qui vise \u00e0 r\u00e9tablir l&#039;\u00e9quilibre et l&#039;harmonie au sein du corps et de l&#039;esprit en travaillant sur les \u00e9nergies vitales. Il adopte une vision holistique de l&#039;individu, prenant en compte le corps, l&#039;esprit et l&#039;\u00e2me.\" \/>\n<meta property=\"og:url\" content=\"https:\/\/un-eveil-en-soi.com\/index.php\/soins-energetiques\/\" \/>\n<meta property=\"og:site_name\" content=\"Un \u00e9veil en soi\" \/>\n<meta property=\"article:modified_time\" content=\"2025-04-03T19:38:27+00:00\" \/>\n<meta property=\"og:image\" content=\"https:\/\/un-eveil-en-soi.com\/wp-content\/uploads\/2025\/04\/stones-meditation-scaled-e1743702498611.jpg\" \/>\n\t<meta property=\"og:image:width\" content=\"2560\" \/>\n\t<meta property=\"og:image:height\" content=\"1140\" \/>\n\t<meta property=\"og:image:type\" content=\"image\/jpeg\" \/>\n<meta name=\"twitter:card\" content=\"summary_large_image\" \/>\n<meta name=\"twitter:label1\" content=\"Est. reading time\" \/>\n\t<meta name=\"twitter:data1\" content=\"2 minutes\" \/>\n<script type=\"application\/ld+json\" class=\"yoast-schema-graph\">{\"@context\":\"https:\/\/schema.org\",\"@graph\":[{\"@type\":\"WebPage\",\"@id\":\"https:\/\/un-eveil-en-soi.com\/index.php\/soins-energetiques\/\",\"url\":\"https:\/\/un-eveil-en-soi.com\/index.php\/soins-energetiques\/\",\"name\":\"D\u00e9finition soins \u00e9nerg\u00e9tiques\",\"isPartOf\":{\"@id\":\"https:\/\/un-eveil-en-soi.com\/#website\"},\"primaryImageOfPage\":{\"@id\":\"https:\/\/un-eveil-en-soi.com\/index.php\/soins-energetiques\/#primaryimage\"},\"image\":{\"@id\":\"https:\/\/un-eveil-en-soi.com\/index.php\/soins-energetiques\/#primaryimage\"},\"thumbnailUrl\":\"https:\/\/un-eveil-en-soi.com\/wp-content\/uploads\/2025\/04\/stones-meditation-scaled-e1743702498611.jpg\",\"datePublished\":\"2024-06-18T16:08:02+00:00\",\"dateModified\":\"2025-04-03T19:38:27+00:00\",\"description\":\"Un soin \u00e9nerg\u00e9tique est une pratique qui vise \u00e0 r\u00e9tablir l'\u00e9quilibre et l'harmonie au sein du corps et de l'esprit en travaillant sur les \u00e9nergies vitales. Il adopte une vision holistique de l'individu, prenant en compte le corps, l'esprit et l'\u00e2me.\",\"breadcrumb\":{\"@id\":\"https:\/\/un-eveil-en-soi.com\/index.php\/soins-energetiques\/#breadcrumb\"},\"inLanguage\":\"en-US\",\"potentialAction\":[{\"@type\":\"ReadAction\",\"target\":[\"https:\/\/un-eveil-en-soi.com\/index.php\/soins-energetiques\/\"]}]},{\"@type\":\"ImageObject\",\"inLanguage\":\"en-US\",\"@id\":\"https:\/\/un-eveil-en-soi.com\/index.php\/soins-energetiques\/#primaryimage\",\"url\":\"https:\/\/un-eveil-en-soi.com\/wp-content\/uploads\/2025\/04\/stones-meditation-scaled-e1743702498611.jpg\",\"contentUrl\":\"https:\/\/un-eveil-en-soi.com\/wp-content\/uploads\/2025\/04\/stones-meditation-scaled-e1743702498611.jpg\",\"width\":2560,\"height\":1140},{\"@type\":\"BreadcrumbList\",\"@id\":\"https:\/\/un-eveil-en-soi.com\/index.php\/soins-energetiques\/#breadcrumb\",\"itemListElement\":[{\"@type\":\"ListItem\",\"position\":1,\"name\":\"Accueil\",\"item\":\"https:\/\/un-eveil-en-soi.com\/\"},{\"@type\":\"ListItem\",\"position\":2,\"name\":\"Soins \u00e9nerg\u00e9tiques\"}]},{\"@type\":\"WebSite\",\"@id\":\"https:\/\/un-eveil-en-soi.com\/#website\",\"url\":\"https:\/\/un-eveil-en-soi.com\/\",\"name\":\"Un \u00e9veil en soi - Sabine Lelong - Duclos\",\"description\":\"Dans l&#039;\u00e9coute et la bienveillance\",\"publisher\":{\"@id\":\"https:\/\/un-eveil-en-soi.com\/#organization\"},\"potentialAction\":[{\"@type\":\"SearchAction\",\"target\":{\"@type\":\"EntryPoint\",\"urlTemplate\":\"https:\/\/un-eveil-en-soi.com\/?s={search_term_string}\"},\"query-input\":{\"@type\":\"PropertyValueSpecification\",\"valueRequired\":true,\"valueName\":\"search_term_string\"}}],\"inLanguage\":\"en-US\"},{\"@type\":\"Organization\",\"@id\":\"https:\/\/un-eveil-en-soi.com\/#organization\",\"name\":\"Un \u00e9veil en soi\",\"url\":\"https:\/\/un-eveil-en-soi.com\/\",\"logo\":{\"@type\":\"ImageObject\",\"inLanguage\":\"en-US\",\"@id\":\"https:\/\/un-eveil-en-soi.com\/#\/schema\/logo\/image\/\",\"url\":\"https:\/\/un-eveil-en-soi.com\/wp-content\/uploads\/2024\/06\/Logo-SL.png\",\"contentUrl\":\"https:\/\/un-eveil-en-soi.com\/wp-content\/uploads\/2024\/06\/Logo-SL.png\",\"width\":394,\"height\":250,\"caption\":\"Un \u00e9veil en soi\"},\"image\":{\"@id\":\"https:\/\/un-eveil-en-soi.com\/#\/schema\/logo\/image\/\"}}]}<\/script>\n<!-- \/ Yoast SEO plugin. -->","yoast_head_json":{"title":"D\u00e9finition soins \u00e9nerg\u00e9tiques","description":"Un soin \u00e9nerg\u00e9tique est une pratique qui vise \u00e0 r\u00e9tablir l'\u00e9quilibre et l'harmonie au sein du corps et de l'esprit en travaillant sur les \u00e9nergies vitales. Il adopte une vision holistique de l'individu, prenant en compte le corps, l'esprit et l'\u00e2me.","robots":{"index":"index","follow":"follow","max-snippet":"max-snippet:-1","max-image-preview":"max-image-preview:large","max-video-preview":"max-video-preview:-1"},"canonical":"https:\/\/un-eveil-en-soi.com\/index.php\/soins-energetiques\/","og_locale":"en_US","og_type":"article","og_title":"D\u00e9finition soins \u00e9nerg\u00e9tiques","og_description":"Un soin \u00e9nerg\u00e9tique est une pratique qui vise \u00e0 r\u00e9tablir l'\u00e9quilibre et l'harmonie au sein du corps et de l'esprit en travaillant sur les \u00e9nergies vitales. Il adopte une vision holistique de l'individu, prenant en compte le corps, l'esprit et l'\u00e2me.","og_url":"https:\/\/un-eveil-en-soi.com\/index.php\/soins-energetiques\/","og_site_name":"Un \u00e9veil en soi","article_modified_time":"2025-04-03T19:38:27+00:00","og_image":[{"width":2560,"height":1140,"url":"https:\/\/un-eveil-en-soi.com\/wp-content\/uploads\/2025\/04\/stones-meditation-scaled-e1743702498611.jpg","type":"image\/jpeg"}],"twitter_card":"summary_large_image","twitter_misc":{"Est. reading time":"2 minutes"},"schema":{"@context":"https:\/\/schema.org","@graph":[{"@type":"WebPage","@id":"https:\/\/un-eveil-en-soi.com\/index.php\/soins-energetiques\/","url":"https:\/\/un-eveil-en-soi.com\/index.php\/soins-energetiques\/","name":"D\u00e9finition soins \u00e9nerg\u00e9tiques","isPartOf":{"@id":"https:\/\/un-eveil-en-soi.com\/#website"},"primaryImageOfPage":{"@id":"https:\/\/un-eveil-en-soi.com\/index.php\/soins-energetiques\/#primaryimage"},"image":{"@id":"https:\/\/un-eveil-en-soi.com\/index.php\/soins-energetiques\/#primaryimage"},"thumbnailUrl":"https:\/\/un-eveil-en-soi.com\/wp-content\/uploads\/2025\/04\/stones-meditation-scaled-e1743702498611.jpg","datePublished":"2024-06-18T16:08:02+00:00","dateModified":"2025-04-03T19:38:27+00:00","description":"Un soin \u00e9nerg\u00e9tique est une pratique qui vise \u00e0 r\u00e9tablir l'\u00e9quilibre et l'harmonie au sein du corps et de l'esprit en travaillant sur les \u00e9nergies vitales. Il adopte une vision holistique de l'individu, prenant en compte le corps, l'esprit et l'\u00e2me.","breadcrumb":{"@id":"https:\/\/un-eveil-en-soi.com\/index.php\/soins-energetiques\/#breadcrumb"},"inLanguage":"en-US","potentialAction":[{"@type":"ReadAction","target":["https:\/\/un-eveil-en-soi.com\/index.php\/soins-energetiques\/"]}]},{"@type":"ImageObject","inLanguage":"en-US","@id":"https:\/\/un-eveil-en-soi.com\/index.php\/soins-energetiques\/#primaryimage","url":"https:\/\/un-eveil-en-soi.com\/wp-content\/uploads\/2025\/04\/stones-meditation-scaled-e1743702498611.jpg","contentUrl":"https:\/\/un-eveil-en-soi.com\/wp-content\/uploads\/2025\/04\/stones-meditation-scaled-e1743702498611.jpg","width":2560,"height":1140},{"@type":"BreadcrumbList","@id":"https:\/\/un-eveil-en-soi.com\/index.php\/soins-energetiques\/#breadcrumb","itemListElement":[{"@type":"ListItem","position":1,"name":"Accueil","item":"https:\/\/un-eveil-en-soi.com\/"},{"@type":"ListItem","position":2,"name":"Soins \u00e9nerg\u00e9tiques"}]},{"@type":"WebSite","@id":"https:\/\/un-eveil-en-soi.com\/#website","url":"https:\/\/un-eveil-en-soi.com\/","name":"Un \u00e9veil en soi - Sabine Lelong - Duclos","description":"Dans l&#039;\u00e9coute et la bienveillance","publisher":{"@id":"https:\/\/un-eveil-en-soi.com\/#organization"},"potentialAction":[{"@type":"SearchAction","target":{"@type":"EntryPoint","urlTemplate":"https:\/\/un-eveil-en-soi.com\/?s={search_term_string}"},"query-input":{"@type":"PropertyValueSpecification","valueRequired":true,"valueName":"search_term_string"}}],"inLanguage":"en-US"},{"@type":"Organization","@id":"https:\/\/un-eveil-en-soi.com\/#organization","name":"Un \u00e9veil en soi","url":"https:\/\/un-eveil-en-soi.com\/","logo":{"@type":"ImageObject","inLanguage":"en-US","@id":"https:\/\/un-eveil-en-soi.com\/#\/schema\/logo\/image\/","url":"https:\/\/un-eveil-en-soi.com\/wp-content\/uploads\/2024\/06\/Logo-SL.png","contentUrl":"https:\/\/un-eveil-en-soi.com\/wp-content\/uploads\/2024\/06\/Logo-SL.png","width":394,"height":250,"caption":"Un \u00e9veil en soi"},"image":{"@id":"https:\/\/un-eveil-en-soi.com\/#\/schema\/logo\/image\/"}}]}},"_links":{"self":[{"href":"https:\/\/un-eveil-en-soi.com\/index.php\/wp-json\/wp\/v2\/pages\/77","targetHints":{"allow":["GET"]}}],"collection":[{"href":"https:\/\/un-eveil-en-soi.com\/index.php\/wp-json\/wp\/v2\/pages"}],"about":[{"href":"https:\/\/un-eveil-en-soi.com\/index.php\/wp-json\/wp\/v2\/types\/page"}],"author":[{"embeddable":true,"href":"https:\/\/un-eveil-en-soi.com\/index.php\/wp-json\/wp\/v2\/users\/1"}],"replies":[{"embeddable":true,"href":"https:\/\/un-eveil-en-soi.com\/index.php\/wp-json\/wp\/v2\/comments?post=77"}],"version-history":[{"count":129,"href":"https:\/\/un-eveil-en-soi.com\/index.php\/wp-json\/wp\/v2\/pages\/77\/revisions"}],"predecessor-version":[{"id":1065,"href":"https:\/\/un-eveil-en-soi.com\/index.php\/wp-json\/wp\/v2\/pages\/77\/revisions\/1065"}],"wp:featuredmedia":[{"embeddable":true,"href":"https:\/\/un-eveil-en-soi.com\/index.php\/wp-json\/wp\/v2\/media\/1059"}],"wp:attachment":[{"href":"https:\/\/un-eveil-en-soi.com\/index.php\/wp-json\/wp\/v2\/media?parent=77"}],"curies":[{"name":"wp","href":"https:\/\/api.w.org\/{rel}","templated":true}]}}