{"id":79,"date":"2024-06-18T18:08:29","date_gmt":"2024-06-18T16:08:29","guid":{"rendered":"http:\/\/uneveij.cluster023.hosting.ovh.net\/?page_id=79"},"modified":"2025-09-10T18:37:10","modified_gmt":"2025-09-10T16:37:10","slug":"sophrologie","status":"publish","type":"page","link":"https:\/\/un-eveil-en-soi.com\/index.php\/sophrologie\/","title":{"rendered":"Sophrologie"},"content":{"rendered":"\n<div class=\"wp-block-buttons is-layout-flex wp-block-buttons-is-layout-flex\">\n<div class=\"wp-block-button\"><a class=\"wp-block-button__link has-accent-background-color has-background has-custom-font-size wp-element-button\" href=\"https:\/\/un-eveil-en-soi.com\/index.php\/contact\/\" style=\"font-size:15px\">Me contacter<\/a><\/div>\n<\/div>\n\n\n\n<figure class=\"wp-block-image size-full is-resized\"><img loading=\"lazy\" decoding=\"async\" width=\"394\" height=\"394\" src=\"http:\/\/uneveij.cluster023.hosting.ovh.net\/wp-content\/uploads\/2024\/06\/Soins-sophro-1.png\" alt=\"Sophrologue dans le val d\u2019oise\nSophrologue \u00e0 Montigny-les-Cormeilles\nSophrologue pr\u00e8s de Cergy-Pontoise\nSophrolgue pr\u00e8s d\u2019Agenteuil\nSophrologie\npratique psychocorporelle\ntechniques de relaxation\nexercices de respiration\nsophrologie d\u00e9finition\nsophrologie pour dormir\nsophrologie pour la gestion du stress\nsophrologie pour les enfants\nsophrologie et pr\u00e9paration mentale\u00a0\nsophrologie et sport\nsophrologie et maternit\u00e9\u00a0\nsophrologie et canc\u00e9rologie\nsophrologie pour les Adolescents\nsophrologie et Addictions\nsophrologie  et Phobies\nsophrologie  et acouph\u00e8nes\nsophrologie pour la gestion de la douleur\nsophrologie et troubles alimentaires\nsophrologie  pour la confiance en soi\nm\u00e9decine alternative\ngestion des \u00e9motions\ns\u00e9ance de sophrologie en groupe\n\" class=\"wp-image-125\" style=\"width:123px;height:auto\" srcset=\"https:\/\/un-eveil-en-soi.com\/wp-content\/uploads\/2024\/06\/Soins-sophro-1.png 394w, https:\/\/un-eveil-en-soi.com\/wp-content\/uploads\/2024\/06\/Soins-sophro-1-300x300.png 300w, https:\/\/un-eveil-en-soi.com\/wp-content\/uploads\/2024\/06\/Soins-sophro-1-150x150.png 150w\" sizes=\"auto, (max-width: 394px) 100vw, 394px\" \/><\/figure>\n\n\n\n<p class=\"has-text-color has-link-color wp-elements-f2754b319a4fe52a57d30593462edf4c\" style=\"color:#743975\"><strong>La sophrologie est une m\u00e9thode de relaxation<\/strong> et de <strong>d\u00e9veloppement personnel <\/strong>qui combine des <strong>techniques de respiration<\/strong>, de<strong> relaxation musculaire<\/strong>, de <strong>visualisation<\/strong>, et de <strong>m\u00e9ditation<\/strong>. Elle a \u00e9t\u00e9 fond\u00e9e dans les ann\u00e9es 1960 par le neuropsychiatre<strong> Alfonso Caycedo<\/strong>, qui cherchait \u00e0 cr\u00e9er un syst\u00e8me permettant d&#8217;<strong>am\u00e9liorer le bien-\u00eatre mental et physique<\/strong>. Voici quelques \u00e9l\u00e9ments cl\u00e9s pour mieux comprendre la sophrologie :<br><strong>La sophrologie vise \u00e0 d\u00e9velopper la conscience de soi et \u00e0 favoriser un \u00e9tat de bien-\u00eatre g\u00e9n\u00e9ral<\/strong>. Elle peut aider \u00e0 <strong>g\u00e9rer le stress<\/strong>,<strong> l&#8217;anxi\u00e9t\u00e9<\/strong>, les<strong> douleurs chroniques<\/strong>, am\u00e9liorer la<strong> qualit\u00e9 du sommeil<\/strong>, renforcer la<strong> confiance en soi<\/strong> et <strong>pr\u00e9parer \u00e0 des \u00e9v\u00e9nements<\/strong> comme des <strong>examens<\/strong> ou des <strong>comp\u00e9titions sportives<\/strong>.<br><br><strong>La sophrologie repose sur plusieurs techniques :<\/strong><br>\u2022 <strong>La respiration contr\u00f4l\u00e9e<\/strong> : des exercices de respiration pour favoriser la d\u00e9tente et la concentration.<br>\u2022 <strong>La relaxation musculaire<\/strong> : des exercices visant \u00e0 d\u00e9tendre progressivement les muscles du corps.<br>\u2022 <strong>La visualisation positive<\/strong> : l\u2019utilisation d\u2019images mentales positives pour entra\u00eener l&#8217;esprit \u00e0 se concentrer sur le positif et \u00e0 r\u00e9duire les pens\u00e9es n\u00e9gatives.<br>\u2022 <strong>La M\u00e9ditation<\/strong> : des moments de pleine conscience pour se reconnecter \u00e0 soi-m\u00eame et vivre l\u2019instant pr\u00e9sent.<br><br>La sophrologie adopte une <strong>approche globale<\/strong>, prenant en compte <strong>le corps et l&#8217;esprit<\/strong>. Elle encourage les individus \u00e0 explorer leurs sensations, leurs \u00e9motions et leurs pens\u00e9es pour mieux les comprendre et les g\u00e9rer.<br><strong>La sophrologie est accessible \u00e0 tous<\/strong>, quels que soient l&#8217;\u00e2ge et le niveau de condition physique. Elle peut \u00eatre pratiqu\u00e9e dans divers contextes, y compris en entreprise, en milieu scolaire, ou dans des environnements th\u00e9rapeutiques.<\/p>\n\n\n\n<p class=\"has-accent-color has-text-color has-link-color wp-elements-31c964821c777d1e081833c14ed25d25\"><strong>CHAMPS D&#8217;APPLICATION<\/strong><br>&#8211; Gestion du stress&nbsp;<br>&#8211; Pr\u00e9paration mentale&nbsp;<br>&#8211; Sport<br>&#8211; Maternit\u00e9&nbsp;<br>&#8211; Canc\u00e9rologie<br>&#8211; Enfance<br>&#8211; Adolescence<br>&#8211; Addictions<br>&#8211; Sommeil<br>&#8211; Phobies<br>&#8211; Acouph\u00e8nes<br>&#8211; Gestion de la douleur<br>&#8211; Troubles alimentaires<br>&#8211; D\u00e9veloppement personnel, coaching<br>&#8211; Confiance en soi<br><\/p>\n\n\n\n<p class=\"has-text-align-center has-text-color has-link-color wp-elements-c4b005252e827e041784f07daf284f85\" style=\"color:#743975\"><em>La sophrologie est souvent consid\u00e9r\u00e9e comme une pratique compl\u00e9mentaire aux soins m\u00e9dicaux et psychologiques, et il est recommand\u00e9 de consulter un professionnel qualifi\u00e9 pour en tirer le meilleur parti.<\/em><\/p>\n\n\n\n<p><\/p>\n\n\n\n<p class=\"has-black-color has-text-color has-link-color wp-elements-5af59fa91652632cb4405a1d19a56eef\" style=\"font-style:italic;font-weight:400\"><strong>FORMATIONS<\/strong><br>https:\/\/www.sophrologie-formation.fr<br><strong>2009&nbsp;:<\/strong> Sophrologue Praticien<br><strong>2010&nbsp;: <\/strong>Sophrologue Patricien Niveau 3 en &#8220;communication Appliqu\u00e9e&#8221;&nbsp;<\/p>\n","protected":false},"excerpt":{"rendered":"<p>La sophrologie est une m\u00e9thode de relaxation et de d\u00e9veloppement personnel qui combine des techniques de respiration, de relaxation musculaire, de visualisation, et de m\u00e9ditation. Elle a \u00e9t\u00e9 fond\u00e9e dans les ann\u00e9es 1960 par le neuropsychiatre Alfonso Caycedo, qui cherchait \u00e0 cr\u00e9er un syst\u00e8me permettant d&#8217;am\u00e9liorer le bien-\u00eatre mental et [&hellip;]<\/p>\n","protected":false},"author":1,"featured_media":484,"parent":0,"menu_order":0,"comment_status":"closed","ping_status":"closed","template":"","meta":{"footnotes":""},"class_list":["post-79","page","type-page","status-publish","has-post-thumbnail","hentry"],"yoast_head":"<!-- This site is optimized with the Yoast SEO plugin v27.0 - https:\/\/yoast.com\/product\/yoast-seo-wordpress\/ -->\n<title>D\u00e9finition sophrologie<\/title>\n<meta name=\"description\" content=\"La sophrologie est une m\u00e9thode de relaxation et de d\u00e9veloppement personnel qui combine des techniques de respiration, de relaxation musculaire, de visualisation, et de m\u00e9ditation. Elle a \u00e9t\u00e9 fond\u00e9e dans les ann\u00e9es 1960 par le neuropsychiatre Alfonso Caycedo. La sophrologie vise \u00e0 d\u00e9velopper la conscience de soi et \u00e0 favoriser un \u00e9tat de bien-\u00eatre g\u00e9n\u00e9ral. Elle peut aider \u00e0 g\u00e9rer le stress, l&#039;anxi\u00e9t\u00e9, les douleurs chroniques, am\u00e9liorer la qualit\u00e9 du sommeil, renforcer la confiance en soi et pr\u00e9parer \u00e0 des \u00e9v\u00e9nements comme des examens ou des comp\u00e9titions sportives.\" \/>\n<meta name=\"robots\" content=\"index, follow, max-snippet:-1, max-image-preview:large, max-video-preview:-1\" \/>\n<link rel=\"canonical\" href=\"https:\/\/un-eveil-en-soi.com\/index.php\/sophrologie\/\" \/>\n<meta property=\"og:locale\" content=\"en_US\" \/>\n<meta property=\"og:type\" content=\"article\" \/>\n<meta property=\"og:title\" content=\"D\u00e9finition sophrologie\" \/>\n<meta property=\"og:description\" content=\"La sophrologie est une m\u00e9thode de relaxation et de d\u00e9veloppement personnel qui combine des techniques de respiration, de relaxation musculaire, de visualisation, et de m\u00e9ditation. Elle a \u00e9t\u00e9 fond\u00e9e dans les ann\u00e9es 1960 par le neuropsychiatre Alfonso Caycedo. La sophrologie vise \u00e0 d\u00e9velopper la conscience de soi et \u00e0 favoriser un \u00e9tat de bien-\u00eatre g\u00e9n\u00e9ral. Elle peut aider \u00e0 g\u00e9rer le stress, l&#039;anxi\u00e9t\u00e9, les douleurs chroniques, am\u00e9liorer la qualit\u00e9 du sommeil, renforcer la confiance en soi et pr\u00e9parer \u00e0 des \u00e9v\u00e9nements comme des examens ou des comp\u00e9titions sportives.\" \/>\n<meta property=\"og:url\" content=\"https:\/\/un-eveil-en-soi.com\/index.php\/sophrologie\/\" \/>\n<meta property=\"og:site_name\" content=\"Un \u00e9veil en soi\" \/>\n<meta property=\"article:modified_time\" content=\"2025-09-10T16:37:10+00:00\" \/>\n<meta property=\"og:image\" content=\"https:\/\/un-eveil-en-soi.com\/wp-content\/uploads\/2024\/10\/rainbow-end-road-landscape-scaled-e1729955026918.jpg\" \/>\n\t<meta property=\"og:image:width\" content=\"2560\" \/>\n\t<meta property=\"og:image:height\" content=\"1250\" \/>\n\t<meta property=\"og:image:type\" content=\"image\/jpeg\" \/>\n<meta name=\"twitter:card\" content=\"summary_large_image\" \/>\n<meta name=\"twitter:label1\" content=\"Est. reading time\" \/>\n\t<meta name=\"twitter:data1\" content=\"3 minutes\" \/>\n<script type=\"application\/ld+json\" class=\"yoast-schema-graph\">{\"@context\":\"https:\/\/schema.org\",\"@graph\":[{\"@type\":\"WebPage\",\"@id\":\"https:\/\/un-eveil-en-soi.com\/index.php\/sophrologie\/\",\"url\":\"https:\/\/un-eveil-en-soi.com\/index.php\/sophrologie\/\",\"name\":\"D\u00e9finition sophrologie\",\"isPartOf\":{\"@id\":\"https:\/\/un-eveil-en-soi.com\/#website\"},\"primaryImageOfPage\":{\"@id\":\"https:\/\/un-eveil-en-soi.com\/index.php\/sophrologie\/#primaryimage\"},\"image\":{\"@id\":\"https:\/\/un-eveil-en-soi.com\/index.php\/sophrologie\/#primaryimage\"},\"thumbnailUrl\":\"https:\/\/un-eveil-en-soi.com\/wp-content\/uploads\/2024\/10\/rainbow-end-road-landscape-scaled-e1729955026918.jpg\",\"datePublished\":\"2024-06-18T16:08:29+00:00\",\"dateModified\":\"2025-09-10T16:37:10+00:00\",\"description\":\"La sophrologie est une m\u00e9thode de relaxation et de d\u00e9veloppement personnel qui combine des techniques de respiration, de relaxation musculaire, de visualisation, et de m\u00e9ditation. Elle a \u00e9t\u00e9 fond\u00e9e dans les ann\u00e9es 1960 par le neuropsychiatre Alfonso Caycedo. La sophrologie vise \u00e0 d\u00e9velopper la conscience de soi et \u00e0 favoriser un \u00e9tat de bien-\u00eatre g\u00e9n\u00e9ral. Elle peut aider \u00e0 g\u00e9rer le stress, l'anxi\u00e9t\u00e9, les douleurs chroniques, am\u00e9liorer la qualit\u00e9 du sommeil, renforcer la confiance en soi et pr\u00e9parer \u00e0 des \u00e9v\u00e9nements comme des examens ou des comp\u00e9titions sportives.\",\"breadcrumb\":{\"@id\":\"https:\/\/un-eveil-en-soi.com\/index.php\/sophrologie\/#breadcrumb\"},\"inLanguage\":\"en-US\",\"potentialAction\":[{\"@type\":\"ReadAction\",\"target\":[\"https:\/\/un-eveil-en-soi.com\/index.php\/sophrologie\/\"]}]},{\"@type\":\"ImageObject\",\"inLanguage\":\"en-US\",\"@id\":\"https:\/\/un-eveil-en-soi.com\/index.php\/sophrologie\/#primaryimage\",\"url\":\"https:\/\/un-eveil-en-soi.com\/wp-content\/uploads\/2024\/10\/rainbow-end-road-landscape-scaled-e1729955026918.jpg\",\"contentUrl\":\"https:\/\/un-eveil-en-soi.com\/wp-content\/uploads\/2024\/10\/rainbow-end-road-landscape-scaled-e1729955026918.jpg\",\"width\":2560,\"height\":1250},{\"@type\":\"BreadcrumbList\",\"@id\":\"https:\/\/un-eveil-en-soi.com\/index.php\/sophrologie\/#breadcrumb\",\"itemListElement\":[{\"@type\":\"ListItem\",\"position\":1,\"name\":\"Accueil\",\"item\":\"https:\/\/un-eveil-en-soi.com\/\"},{\"@type\":\"ListItem\",\"position\":2,\"name\":\"Sophrologie\"}]},{\"@type\":\"WebSite\",\"@id\":\"https:\/\/un-eveil-en-soi.com\/#website\",\"url\":\"https:\/\/un-eveil-en-soi.com\/\",\"name\":\"Un \u00e9veil en soi - Sabine Lelong - Duclos\",\"description\":\"Dans l&#039;\u00e9coute et la bienveillance\",\"publisher\":{\"@id\":\"https:\/\/un-eveil-en-soi.com\/#organization\"},\"potentialAction\":[{\"@type\":\"SearchAction\",\"target\":{\"@type\":\"EntryPoint\",\"urlTemplate\":\"https:\/\/un-eveil-en-soi.com\/?s={search_term_string}\"},\"query-input\":{\"@type\":\"PropertyValueSpecification\",\"valueRequired\":true,\"valueName\":\"search_term_string\"}}],\"inLanguage\":\"en-US\"},{\"@type\":\"Organization\",\"@id\":\"https:\/\/un-eveil-en-soi.com\/#organization\",\"name\":\"Un \u00e9veil en soi\",\"url\":\"https:\/\/un-eveil-en-soi.com\/\",\"logo\":{\"@type\":\"ImageObject\",\"inLanguage\":\"en-US\",\"@id\":\"https:\/\/un-eveil-en-soi.com\/#\/schema\/logo\/image\/\",\"url\":\"https:\/\/un-eveil-en-soi.com\/wp-content\/uploads\/2024\/06\/Logo-SL.png\",\"contentUrl\":\"https:\/\/un-eveil-en-soi.com\/wp-content\/uploads\/2024\/06\/Logo-SL.png\",\"width\":394,\"height\":250,\"caption\":\"Un \u00e9veil en soi\"},\"image\":{\"@id\":\"https:\/\/un-eveil-en-soi.com\/#\/schema\/logo\/image\/\"}}]}<\/script>\n<!-- \/ Yoast SEO plugin. -->","yoast_head_json":{"title":"D\u00e9finition sophrologie","description":"La sophrologie est une m\u00e9thode de relaxation et de d\u00e9veloppement personnel qui combine des techniques de respiration, de relaxation musculaire, de visualisation, et de m\u00e9ditation. Elle a \u00e9t\u00e9 fond\u00e9e dans les ann\u00e9es 1960 par le neuropsychiatre Alfonso Caycedo. La sophrologie vise \u00e0 d\u00e9velopper la conscience de soi et \u00e0 favoriser un \u00e9tat de bien-\u00eatre g\u00e9n\u00e9ral. Elle peut aider \u00e0 g\u00e9rer le stress, l'anxi\u00e9t\u00e9, les douleurs chroniques, am\u00e9liorer la qualit\u00e9 du sommeil, renforcer la confiance en soi et pr\u00e9parer \u00e0 des \u00e9v\u00e9nements comme des examens ou des comp\u00e9titions sportives.","robots":{"index":"index","follow":"follow","max-snippet":"max-snippet:-1","max-image-preview":"max-image-preview:large","max-video-preview":"max-video-preview:-1"},"canonical":"https:\/\/un-eveil-en-soi.com\/index.php\/sophrologie\/","og_locale":"en_US","og_type":"article","og_title":"D\u00e9finition sophrologie","og_description":"La sophrologie est une m\u00e9thode de relaxation et de d\u00e9veloppement personnel qui combine des techniques de respiration, de relaxation musculaire, de visualisation, et de m\u00e9ditation. Elle a \u00e9t\u00e9 fond\u00e9e dans les ann\u00e9es 1960 par le neuropsychiatre Alfonso Caycedo. La sophrologie vise \u00e0 d\u00e9velopper la conscience de soi et \u00e0 favoriser un \u00e9tat de bien-\u00eatre g\u00e9n\u00e9ral. Elle peut aider \u00e0 g\u00e9rer le stress, l'anxi\u00e9t\u00e9, les douleurs chroniques, am\u00e9liorer la qualit\u00e9 du sommeil, renforcer la confiance en soi et pr\u00e9parer \u00e0 des \u00e9v\u00e9nements comme des examens ou des comp\u00e9titions sportives.","og_url":"https:\/\/un-eveil-en-soi.com\/index.php\/sophrologie\/","og_site_name":"Un \u00e9veil en soi","article_modified_time":"2025-09-10T16:37:10+00:00","og_image":[{"width":2560,"height":1250,"url":"https:\/\/un-eveil-en-soi.com\/wp-content\/uploads\/2024\/10\/rainbow-end-road-landscape-scaled-e1729955026918.jpg","type":"image\/jpeg"}],"twitter_card":"summary_large_image","twitter_misc":{"Est. reading time":"3 minutes"},"schema":{"@context":"https:\/\/schema.org","@graph":[{"@type":"WebPage","@id":"https:\/\/un-eveil-en-soi.com\/index.php\/sophrologie\/","url":"https:\/\/un-eveil-en-soi.com\/index.php\/sophrologie\/","name":"D\u00e9finition sophrologie","isPartOf":{"@id":"https:\/\/un-eveil-en-soi.com\/#website"},"primaryImageOfPage":{"@id":"https:\/\/un-eveil-en-soi.com\/index.php\/sophrologie\/#primaryimage"},"image":{"@id":"https:\/\/un-eveil-en-soi.com\/index.php\/sophrologie\/#primaryimage"},"thumbnailUrl":"https:\/\/un-eveil-en-soi.com\/wp-content\/uploads\/2024\/10\/rainbow-end-road-landscape-scaled-e1729955026918.jpg","datePublished":"2024-06-18T16:08:29+00:00","dateModified":"2025-09-10T16:37:10+00:00","description":"La sophrologie est une m\u00e9thode de relaxation et de d\u00e9veloppement personnel qui combine des techniques de respiration, de relaxation musculaire, de visualisation, et de m\u00e9ditation. Elle a \u00e9t\u00e9 fond\u00e9e dans les ann\u00e9es 1960 par le neuropsychiatre Alfonso Caycedo. La sophrologie vise \u00e0 d\u00e9velopper la conscience de soi et \u00e0 favoriser un \u00e9tat de bien-\u00eatre g\u00e9n\u00e9ral. Elle peut aider \u00e0 g\u00e9rer le stress, l'anxi\u00e9t\u00e9, les douleurs chroniques, am\u00e9liorer la qualit\u00e9 du sommeil, renforcer la confiance en soi et pr\u00e9parer \u00e0 des \u00e9v\u00e9nements comme des examens ou des comp\u00e9titions sportives.","breadcrumb":{"@id":"https:\/\/un-eveil-en-soi.com\/index.php\/sophrologie\/#breadcrumb"},"inLanguage":"en-US","potentialAction":[{"@type":"ReadAction","target":["https:\/\/un-eveil-en-soi.com\/index.php\/sophrologie\/"]}]},{"@type":"ImageObject","inLanguage":"en-US","@id":"https:\/\/un-eveil-en-soi.com\/index.php\/sophrologie\/#primaryimage","url":"https:\/\/un-eveil-en-soi.com\/wp-content\/uploads\/2024\/10\/rainbow-end-road-landscape-scaled-e1729955026918.jpg","contentUrl":"https:\/\/un-eveil-en-soi.com\/wp-content\/uploads\/2024\/10\/rainbow-end-road-landscape-scaled-e1729955026918.jpg","width":2560,"height":1250},{"@type":"BreadcrumbList","@id":"https:\/\/un-eveil-en-soi.com\/index.php\/sophrologie\/#breadcrumb","itemListElement":[{"@type":"ListItem","position":1,"name":"Accueil","item":"https:\/\/un-eveil-en-soi.com\/"},{"@type":"ListItem","position":2,"name":"Sophrologie"}]},{"@type":"WebSite","@id":"https:\/\/un-eveil-en-soi.com\/#website","url":"https:\/\/un-eveil-en-soi.com\/","name":"Un \u00e9veil en soi - Sabine Lelong - Duclos","description":"Dans l&#039;\u00e9coute et la bienveillance","publisher":{"@id":"https:\/\/un-eveil-en-soi.com\/#organization"},"potentialAction":[{"@type":"SearchAction","target":{"@type":"EntryPoint","urlTemplate":"https:\/\/un-eveil-en-soi.com\/?s={search_term_string}"},"query-input":{"@type":"PropertyValueSpecification","valueRequired":true,"valueName":"search_term_string"}}],"inLanguage":"en-US"},{"@type":"Organization","@id":"https:\/\/un-eveil-en-soi.com\/#organization","name":"Un \u00e9veil en soi","url":"https:\/\/un-eveil-en-soi.com\/","logo":{"@type":"ImageObject","inLanguage":"en-US","@id":"https:\/\/un-eveil-en-soi.com\/#\/schema\/logo\/image\/","url":"https:\/\/un-eveil-en-soi.com\/wp-content\/uploads\/2024\/06\/Logo-SL.png","contentUrl":"https:\/\/un-eveil-en-soi.com\/wp-content\/uploads\/2024\/06\/Logo-SL.png","width":394,"height":250,"caption":"Un \u00e9veil en soi"},"image":{"@id":"https:\/\/un-eveil-en-soi.com\/#\/schema\/logo\/image\/"}}]}},"_links":{"self":[{"href":"https:\/\/un-eveil-en-soi.com\/index.php\/wp-json\/wp\/v2\/pages\/79","targetHints":{"allow":["GET"]}}],"collection":[{"href":"https:\/\/un-eveil-en-soi.com\/index.php\/wp-json\/wp\/v2\/pages"}],"about":[{"href":"https:\/\/un-eveil-en-soi.com\/index.php\/wp-json\/wp\/v2\/types\/page"}],"author":[{"embeddable":true,"href":"https:\/\/un-eveil-en-soi.com\/index.php\/wp-json\/wp\/v2\/users\/1"}],"replies":[{"embeddable":true,"href":"https:\/\/un-eveil-en-soi.com\/index.php\/wp-json\/wp\/v2\/comments?post=79"}],"version-history":[{"count":48,"href":"https:\/\/un-eveil-en-soi.com\/index.php\/wp-json\/wp\/v2\/pages\/79\/revisions"}],"predecessor-version":[{"id":1081,"href":"https:\/\/un-eveil-en-soi.com\/index.php\/wp-json\/wp\/v2\/pages\/79\/revisions\/1081"}],"wp:featuredmedia":[{"embeddable":true,"href":"https:\/\/un-eveil-en-soi.com\/index.php\/wp-json\/wp\/v2\/media\/484"}],"wp:attachment":[{"href":"https:\/\/un-eveil-en-soi.com\/index.php\/wp-json\/wp\/v2\/media?parent=79"}],"curies":[{"name":"wp","href":"https:\/\/api.w.org\/{rel}","templated":true}]}}