{"id":81,"date":"2024-06-18T18:08:51","date_gmt":"2024-06-18T16:08:51","guid":{"rendered":"http:\/\/uneveij.cluster023.hosting.ovh.net\/?page_id=81"},"modified":"2025-03-20T19:06:21","modified_gmt":"2025-03-20T18:06:21","slug":"cle-de-vie","status":"publish","type":"page","link":"https:\/\/un-eveil-en-soi.com\/index.php\/cle-de-vie\/","title":{"rendered":"Cl\u00e9s de vie"},"content":{"rendered":"\n<figure class=\"wp-block-image size-full is-resized\"><img loading=\"lazy\" decoding=\"async\" width=\"394\" height=\"394\" src=\"http:\/\/uneveij.cluster023.hosting.ovh.net\/wp-content\/uploads\/2024\/06\/Cles-de-vie.png\" alt=\"sabine Lelong - Duclos\nun \u00e9veil en soi\n\u00e9nerg\u00e9ticienne\nsoins \u00e9nerg\u00e9tiques\nSoins chamaniques\nSophrologie\nReiki\nTarot\" class=\"wp-image-28\" style=\"width:106px;height:auto\" srcset=\"https:\/\/un-eveil-en-soi.com\/wp-content\/uploads\/2024\/06\/Cles-de-vie.png 394w, https:\/\/un-eveil-en-soi.com\/wp-content\/uploads\/2024\/06\/Cles-de-vie-300x300.png 300w, https:\/\/un-eveil-en-soi.com\/wp-content\/uploads\/2024\/06\/Cles-de-vie-150x150.png 150w\" sizes=\"auto, (max-width: 394px) 100vw, 394px\" \/><\/figure>\n\n\n\n<h3 class=\"wp-block-heading has-accent-color has-text-color has-link-color wp-elements-6f8d4d7e0a2d1d55df80f2d07e8bdfd6\">NUMEROLOGIE \/ TAROLOGIE<\/h3>\n\n\n\n<div class=\"wp-block-buttons is-content-justification-left is-layout-flex wp-container-core-buttons-is-layout-fc4fd283 wp-block-buttons-is-layout-flex\">\n<div class=\"wp-block-button has-custom-font-size\" style=\"font-size:15px\"><a class=\"wp-block-button__link has-accent-background-color has-background wp-element-button\" style=\"padding-top:7px;padding-bottom:7px\">Me contacter<\/a><\/div>\n<\/div>\n\n\n\n<div style=\"height:49px\" aria-hidden=\"true\" class=\"wp-block-spacer\"><\/div>\n\n\n<div class=\"wp-block-image\">\n<figure class=\"alignright size-full is-resized\"><img loading=\"lazy\" decoding=\"async\" width=\"250\" height=\"300\" src=\"https:\/\/un-eveil-en-soi.com\/wp-content\/uploads\/2025\/03\/numerologie.jpg\" alt=\"num\u00e9rologie\ntarologie\ndate de naissance\ntarot de Marseille\" class=\"wp-image-1020\" style=\"width:179px;height:auto\"\/><\/figure>\n<\/div>\n\n\n<p class=\"has-text-color has-link-color wp-elements-fa41662f0eab7a496099136e55e9b394\" style=\"color:#743975\">L\u2019interpr\u00e9tation des <strong>\u00e9nergies de la date de naissance<\/strong> \u00e0 travers le <strong>tarot de Marseille<\/strong> permet d\u2019extraire et d\u2019analyser les principales \u00e9nergies qui vous d\u00e9finissent. Cette m\u00e9thode vous aide \u00e0 d\u00e9terminer votre caract\u00e8re, votre personnalit\u00e9 ainsi que vos modes de comportement tant dans la <strong>sph\u00e8re priv\u00e9e<\/strong> que sociale. Elle met \u00e9galement en lumi\u00e8re <strong>vos blocages<\/strong> qui pourraient vous freiner dans votre <strong>\u00e9volution personnelle et professionnelle.<\/strong><br>En utilisant cette approche, vous pourrez<strong> mieux vous connaitre<\/strong>, comprendre votre <strong>mode de fonctionnement <\/strong>et d\u2019identifier les \u00e9ventuels blocages qui pourraient freiner votre \u00e9volution personnelle et professionnelle.<br><\/p>\n\n\n\n<p class=\"has-text-align-center has-accent-color has-text-color has-link-color wp-elements-9580f15d95b0f5744bfa678b1f2c50a6\"><strong>C\u2019est un v\u00e9ritable \u00e9veil qui vous attend\u00a0!<\/strong><\/p>\n\n\n\n<p><\/p>\n","protected":false},"excerpt":{"rendered":"<p>NUMEROLOGIE \/ TAROLOGIE L\u2019interpr\u00e9tation des \u00e9nergies de la date de naissance \u00e0 travers le tarot de Marseille permet d\u2019extraire et d\u2019analyser les principales \u00e9nergies qui vous d\u00e9finissent. Cette m\u00e9thode vous aide \u00e0 d\u00e9terminer votre caract\u00e8re, votre personnalit\u00e9 ainsi que vos modes de comportement tant dans la sph\u00e8re priv\u00e9e que sociale. [&hellip;]<\/p>\n","protected":false},"author":1,"featured_media":499,"parent":0,"menu_order":0,"comment_status":"closed","ping_status":"closed","template":"","meta":{"footnotes":""},"class_list":["post-81","page","type-page","status-publish","has-post-thumbnail","hentry"],"yoast_head":"<!-- This site is optimized with the Yoast SEO plugin v27.0 - https:\/\/yoast.com\/product\/yoast-seo-wordpress\/ -->\n<title>num\u00e9rologie - tarologie<\/title>\n<meta name=\"description\" content=\"Interpr\u00e9tation des \u00e9nergies de la date de naissance \u00e0 travers le tarot de Marseille dans le but d\u2019analyser les principales \u00e9nergies qui vous d\u00e9finissent. Cette m\u00e9thode vous aide \u00e0 d\u00e9terminer votre caract\u00e8re, votre personnalit\u00e9 ainsi que vos modes de comportement tant dans la sph\u00e8re priv\u00e9e que sociale. Elle met \u00e9galement en lumi\u00e8re vos blocages qui pourraient vous freiner dans votre \u00e9volution personnelle et professionnelle.\" \/>\n<meta name=\"robots\" content=\"index, follow, max-snippet:-1, max-image-preview:large, max-video-preview:-1\" \/>\n<link rel=\"canonical\" href=\"https:\/\/un-eveil-en-soi.com\/index.php\/cle-de-vie\/\" \/>\n<meta property=\"og:locale\" content=\"en_US\" \/>\n<meta property=\"og:type\" content=\"article\" \/>\n<meta property=\"og:title\" content=\"num\u00e9rologie - tarologie\" \/>\n<meta property=\"og:description\" content=\"Interpr\u00e9tation des \u00e9nergies de la date de naissance \u00e0 travers le tarot de Marseille dans le but d\u2019analyser les principales \u00e9nergies qui vous d\u00e9finissent. Cette m\u00e9thode vous aide \u00e0 d\u00e9terminer votre caract\u00e8re, votre personnalit\u00e9 ainsi que vos modes de comportement tant dans la sph\u00e8re priv\u00e9e que sociale. Elle met \u00e9galement en lumi\u00e8re vos blocages qui pourraient vous freiner dans votre \u00e9volution personnelle et professionnelle.\" \/>\n<meta property=\"og:url\" content=\"https:\/\/un-eveil-en-soi.com\/index.php\/cle-de-vie\/\" \/>\n<meta property=\"og:site_name\" content=\"Un \u00e9veil en soi\" \/>\n<meta property=\"article:modified_time\" content=\"2025-03-20T18:06:21+00:00\" \/>\n<meta property=\"og:image\" content=\"https:\/\/un-eveil-en-soi.com\/wp-content\/uploads\/2024\/10\/pontoon-lake-sunset-ai-generated.jpg\" \/>\n\t<meta property=\"og:image:width\" content=\"1\" \/>\n\t<meta property=\"og:image:height\" content=\"1\" \/>\n\t<meta property=\"og:image:type\" content=\"image\/jpeg\" \/>\n<meta name=\"twitter:card\" content=\"summary_large_image\" \/>\n<meta name=\"twitter:label1\" content=\"Est. reading time\" \/>\n\t<meta name=\"twitter:data1\" content=\"2 minutes\" \/>\n<script type=\"application\/ld+json\" class=\"yoast-schema-graph\">{\"@context\":\"https:\/\/schema.org\",\"@graph\":[{\"@type\":\"WebPage\",\"@id\":\"https:\/\/un-eveil-en-soi.com\/index.php\/cle-de-vie\/\",\"url\":\"https:\/\/un-eveil-en-soi.com\/index.php\/cle-de-vie\/\",\"name\":\"num\u00e9rologie - tarologie\",\"isPartOf\":{\"@id\":\"https:\/\/un-eveil-en-soi.com\/#website\"},\"primaryImageOfPage\":{\"@id\":\"https:\/\/un-eveil-en-soi.com\/index.php\/cle-de-vie\/#primaryimage\"},\"image\":{\"@id\":\"https:\/\/un-eveil-en-soi.com\/index.php\/cle-de-vie\/#primaryimage\"},\"thumbnailUrl\":\"https:\/\/un-eveil-en-soi.com\/wp-content\/uploads\/2024\/10\/pontoon-lake-sunset-ai-generated.jpg\",\"datePublished\":\"2024-06-18T16:08:51+00:00\",\"dateModified\":\"2025-03-20T18:06:21+00:00\",\"description\":\"Interpr\u00e9tation des \u00e9nergies de la date de naissance \u00e0 travers le tarot de Marseille dans le but d\u2019analyser les principales \u00e9nergies qui vous d\u00e9finissent. Cette m\u00e9thode vous aide \u00e0 d\u00e9terminer votre caract\u00e8re, votre personnalit\u00e9 ainsi que vos modes de comportement tant dans la sph\u00e8re priv\u00e9e que sociale. Elle met \u00e9galement en lumi\u00e8re vos blocages qui pourraient vous freiner dans votre \u00e9volution personnelle et professionnelle.\",\"breadcrumb\":{\"@id\":\"https:\/\/un-eveil-en-soi.com\/index.php\/cle-de-vie\/#breadcrumb\"},\"inLanguage\":\"en-US\",\"potentialAction\":[{\"@type\":\"ReadAction\",\"target\":[\"https:\/\/un-eveil-en-soi.com\/index.php\/cle-de-vie\/\"]}]},{\"@type\":\"ImageObject\",\"inLanguage\":\"en-US\",\"@id\":\"https:\/\/un-eveil-en-soi.com\/index.php\/cle-de-vie\/#primaryimage\",\"url\":\"https:\/\/un-eveil-en-soi.com\/wp-content\/uploads\/2024\/10\/pontoon-lake-sunset-ai-generated.jpg\",\"contentUrl\":\"https:\/\/un-eveil-en-soi.com\/wp-content\/uploads\/2024\/10\/pontoon-lake-sunset-ai-generated.jpg\",\"caption\":\"pontoon on lake at sunset, AI generated image\"},{\"@type\":\"BreadcrumbList\",\"@id\":\"https:\/\/un-eveil-en-soi.com\/index.php\/cle-de-vie\/#breadcrumb\",\"itemListElement\":[{\"@type\":\"ListItem\",\"position\":1,\"name\":\"Accueil\",\"item\":\"https:\/\/un-eveil-en-soi.com\/\"},{\"@type\":\"ListItem\",\"position\":2,\"name\":\"Cl\u00e9s de vie\"}]},{\"@type\":\"WebSite\",\"@id\":\"https:\/\/un-eveil-en-soi.com\/#website\",\"url\":\"https:\/\/un-eveil-en-soi.com\/\",\"name\":\"Un \u00e9veil en soi - Sabine Lelong - Duclos\",\"description\":\"Dans l&#039;\u00e9coute et la bienveillance\",\"publisher\":{\"@id\":\"https:\/\/un-eveil-en-soi.com\/#organization\"},\"potentialAction\":[{\"@type\":\"SearchAction\",\"target\":{\"@type\":\"EntryPoint\",\"urlTemplate\":\"https:\/\/un-eveil-en-soi.com\/?s={search_term_string}\"},\"query-input\":{\"@type\":\"PropertyValueSpecification\",\"valueRequired\":true,\"valueName\":\"search_term_string\"}}],\"inLanguage\":\"en-US\"},{\"@type\":\"Organization\",\"@id\":\"https:\/\/un-eveil-en-soi.com\/#organization\",\"name\":\"Un \u00e9veil en soi\",\"url\":\"https:\/\/un-eveil-en-soi.com\/\",\"logo\":{\"@type\":\"ImageObject\",\"inLanguage\":\"en-US\",\"@id\":\"https:\/\/un-eveil-en-soi.com\/#\/schema\/logo\/image\/\",\"url\":\"https:\/\/un-eveil-en-soi.com\/wp-content\/uploads\/2024\/06\/Logo-SL.png\",\"contentUrl\":\"https:\/\/un-eveil-en-soi.com\/wp-content\/uploads\/2024\/06\/Logo-SL.png\",\"width\":394,\"height\":250,\"caption\":\"Un \u00e9veil en soi\"},\"image\":{\"@id\":\"https:\/\/un-eveil-en-soi.com\/#\/schema\/logo\/image\/\"}}]}<\/script>\n<!-- \/ Yoast SEO plugin. -->","yoast_head_json":{"title":"num\u00e9rologie - tarologie","description":"Interpr\u00e9tation des \u00e9nergies de la date de naissance \u00e0 travers le tarot de Marseille dans le but d\u2019analyser les principales \u00e9nergies qui vous d\u00e9finissent. Cette m\u00e9thode vous aide \u00e0 d\u00e9terminer votre caract\u00e8re, votre personnalit\u00e9 ainsi que vos modes de comportement tant dans la sph\u00e8re priv\u00e9e que sociale. Elle met \u00e9galement en lumi\u00e8re vos blocages qui pourraient vous freiner dans votre \u00e9volution personnelle et professionnelle.","robots":{"index":"index","follow":"follow","max-snippet":"max-snippet:-1","max-image-preview":"max-image-preview:large","max-video-preview":"max-video-preview:-1"},"canonical":"https:\/\/un-eveil-en-soi.com\/index.php\/cle-de-vie\/","og_locale":"en_US","og_type":"article","og_title":"num\u00e9rologie - tarologie","og_description":"Interpr\u00e9tation des \u00e9nergies de la date de naissance \u00e0 travers le tarot de Marseille dans le but d\u2019analyser les principales \u00e9nergies qui vous d\u00e9finissent. Cette m\u00e9thode vous aide \u00e0 d\u00e9terminer votre caract\u00e8re, votre personnalit\u00e9 ainsi que vos modes de comportement tant dans la sph\u00e8re priv\u00e9e que sociale. Elle met \u00e9galement en lumi\u00e8re vos blocages qui pourraient vous freiner dans votre \u00e9volution personnelle et professionnelle.","og_url":"https:\/\/un-eveil-en-soi.com\/index.php\/cle-de-vie\/","og_site_name":"Un \u00e9veil en soi","article_modified_time":"2025-03-20T18:06:21+00:00","og_image":[{"url":"https:\/\/un-eveil-en-soi.com\/wp-content\/uploads\/2024\/10\/pontoon-lake-sunset-ai-generated.jpg","width":1,"height":1,"type":"image\/jpeg"}],"twitter_card":"summary_large_image","twitter_misc":{"Est. reading time":"2 minutes"},"schema":{"@context":"https:\/\/schema.org","@graph":[{"@type":"WebPage","@id":"https:\/\/un-eveil-en-soi.com\/index.php\/cle-de-vie\/","url":"https:\/\/un-eveil-en-soi.com\/index.php\/cle-de-vie\/","name":"num\u00e9rologie - tarologie","isPartOf":{"@id":"https:\/\/un-eveil-en-soi.com\/#website"},"primaryImageOfPage":{"@id":"https:\/\/un-eveil-en-soi.com\/index.php\/cle-de-vie\/#primaryimage"},"image":{"@id":"https:\/\/un-eveil-en-soi.com\/index.php\/cle-de-vie\/#primaryimage"},"thumbnailUrl":"https:\/\/un-eveil-en-soi.com\/wp-content\/uploads\/2024\/10\/pontoon-lake-sunset-ai-generated.jpg","datePublished":"2024-06-18T16:08:51+00:00","dateModified":"2025-03-20T18:06:21+00:00","description":"Interpr\u00e9tation des \u00e9nergies de la date de naissance \u00e0 travers le tarot de Marseille dans le but d\u2019analyser les principales \u00e9nergies qui vous d\u00e9finissent. Cette m\u00e9thode vous aide \u00e0 d\u00e9terminer votre caract\u00e8re, votre personnalit\u00e9 ainsi que vos modes de comportement tant dans la sph\u00e8re priv\u00e9e que sociale. Elle met \u00e9galement en lumi\u00e8re vos blocages qui pourraient vous freiner dans votre \u00e9volution personnelle et professionnelle.","breadcrumb":{"@id":"https:\/\/un-eveil-en-soi.com\/index.php\/cle-de-vie\/#breadcrumb"},"inLanguage":"en-US","potentialAction":[{"@type":"ReadAction","target":["https:\/\/un-eveil-en-soi.com\/index.php\/cle-de-vie\/"]}]},{"@type":"ImageObject","inLanguage":"en-US","@id":"https:\/\/un-eveil-en-soi.com\/index.php\/cle-de-vie\/#primaryimage","url":"https:\/\/un-eveil-en-soi.com\/wp-content\/uploads\/2024\/10\/pontoon-lake-sunset-ai-generated.jpg","contentUrl":"https:\/\/un-eveil-en-soi.com\/wp-content\/uploads\/2024\/10\/pontoon-lake-sunset-ai-generated.jpg","caption":"pontoon on lake at sunset, AI generated image"},{"@type":"BreadcrumbList","@id":"https:\/\/un-eveil-en-soi.com\/index.php\/cle-de-vie\/#breadcrumb","itemListElement":[{"@type":"ListItem","position":1,"name":"Accueil","item":"https:\/\/un-eveil-en-soi.com\/"},{"@type":"ListItem","position":2,"name":"Cl\u00e9s de vie"}]},{"@type":"WebSite","@id":"https:\/\/un-eveil-en-soi.com\/#website","url":"https:\/\/un-eveil-en-soi.com\/","name":"Un \u00e9veil en soi - Sabine Lelong - Duclos","description":"Dans l&#039;\u00e9coute et la bienveillance","publisher":{"@id":"https:\/\/un-eveil-en-soi.com\/#organization"},"potentialAction":[{"@type":"SearchAction","target":{"@type":"EntryPoint","urlTemplate":"https:\/\/un-eveil-en-soi.com\/?s={search_term_string}"},"query-input":{"@type":"PropertyValueSpecification","valueRequired":true,"valueName":"search_term_string"}}],"inLanguage":"en-US"},{"@type":"Organization","@id":"https:\/\/un-eveil-en-soi.com\/#organization","name":"Un \u00e9veil en soi","url":"https:\/\/un-eveil-en-soi.com\/","logo":{"@type":"ImageObject","inLanguage":"en-US","@id":"https:\/\/un-eveil-en-soi.com\/#\/schema\/logo\/image\/","url":"https:\/\/un-eveil-en-soi.com\/wp-content\/uploads\/2024\/06\/Logo-SL.png","contentUrl":"https:\/\/un-eveil-en-soi.com\/wp-content\/uploads\/2024\/06\/Logo-SL.png","width":394,"height":250,"caption":"Un \u00e9veil en soi"},"image":{"@id":"https:\/\/un-eveil-en-soi.com\/#\/schema\/logo\/image\/"}}]}},"_links":{"self":[{"href":"https:\/\/un-eveil-en-soi.com\/index.php\/wp-json\/wp\/v2\/pages\/81","targetHints":{"allow":["GET"]}}],"collection":[{"href":"https:\/\/un-eveil-en-soi.com\/index.php\/wp-json\/wp\/v2\/pages"}],"about":[{"href":"https:\/\/un-eveil-en-soi.com\/index.php\/wp-json\/wp\/v2\/types\/page"}],"author":[{"embeddable":true,"href":"https:\/\/un-eveil-en-soi.com\/index.php\/wp-json\/wp\/v2\/users\/1"}],"replies":[{"embeddable":true,"href":"https:\/\/un-eveil-en-soi.com\/index.php\/wp-json\/wp\/v2\/comments?post=81"}],"version-history":[{"count":27,"href":"https:\/\/un-eveil-en-soi.com\/index.php\/wp-json\/wp\/v2\/pages\/81\/revisions"}],"predecessor-version":[{"id":1025,"href":"https:\/\/un-eveil-en-soi.com\/index.php\/wp-json\/wp\/v2\/pages\/81\/revisions\/1025"}],"wp:featuredmedia":[{"embeddable":true,"href":"https:\/\/un-eveil-en-soi.com\/index.php\/wp-json\/wp\/v2\/media\/499"}],"wp:attachment":[{"href":"https:\/\/un-eveil-en-soi.com\/index.php\/wp-json\/wp\/v2\/media?parent=81"}],"curies":[{"name":"wp","href":"https:\/\/api.w.org\/{rel}","templated":true}]}}